{"id":70,"date":"2025-08-25T16:38:15","date_gmt":"2025-08-25T16:38:15","guid":{"rendered":"https:\/\/laboratoire-ods.com\/?page_id=70"},"modified":"2025-09-23T10:24:21","modified_gmt":"2025-09-23T10:24:21","slug":"qualite","status":"publish","type":"page","link":"https:\/\/laboratoire-ods.com\/index.php\/qualite\/","title":{"rendered":"Qualit\u00e9"},"content":{"rendered":"\n<p class=\"has-medium-font-size\">Notre syst\u00e8me qualit\u00e9 est bas\u00e9 sur les plans <strong>HACCP<\/strong> (Hazard Analysis Critical Control Point) avec pour objectif de satisfaire nos partenaires et leurs clients. <br>De la r\u00e9ception de nos mati\u00e8res premi\u00e8res \u00e0 l\u2019exp\u00e9dition, toutes les proc\u00e9dures sont en place afin de vous livrer des produits conformes \u00e0 vos attentes. Nos collaborateurs ont tous suivi un parcours de formation afin d\u2019\u00eatre autonomes et polyvalents sur nos trois lignes de fabrication.<\/p>\n\n\n\n<p class=\"has-medium-font-size\">Nos diff\u00e9rentes certifications nous permettent de vous proposer des produits <strong>BIO, sans gluten, conformes \u00e0 la Norme AFNOR EN 17444 anti-dopage.<\/strong><\/p>\n\n\n\n<div class=\"wp-block-group\"><div class=\"wp-block-group__inner-container is-layout-constrained wp-block-group-is-layout-constrained\">\n<div id=\"wp-block-themeisle-blocks-advanced-columns-621f4ac8\" class=\"wp-block-themeisle-blocks-advanced-columns has-1-columns has-desktop-equal-layout has-tablet-equal-layout has-mobile-equal-layout has-vertical-unset\"><div class=\"wp-block-themeisle-blocks-advanced-columns-overlay\"><\/div><div class=\"innerblocks-wrap\">\n<div id=\"wp-block-themeisle-blocks-advanced-column-90d1b336\" class=\"wp-block-themeisle-blocks-advanced-column\">\n<figure class=\"wp-block-image size-large animated backInLeft\"><img loading=\"lazy\" decoding=\"async\" width=\"1024\" height=\"256\" src=\"http:\/\/laboratoire-ods.com\/wp-content\/uploads\/2025\/09\/Pictos-packs-1024x256.png\" alt=\"\" class=\"wp-image-632\" srcset=\"https:\/\/laboratoire-ods.com\/wp-content\/uploads\/2025\/09\/Pictos-packs-1024x256.png 1024w, https:\/\/laboratoire-ods.com\/wp-content\/uploads\/2025\/09\/Pictos-packs-300x75.png 300w, https:\/\/laboratoire-ods.com\/wp-content\/uploads\/2025\/09\/Pictos-packs-768x192.png 768w, https:\/\/laboratoire-ods.com\/wp-content\/uploads\/2025\/09\/Pictos-packs-1536x384.png 1536w, https:\/\/laboratoire-ods.com\/wp-content\/uploads\/2025\/09\/Pictos-packs-2048x512.png 2048w\" sizes=\"auto, (max-width: 706px) 89vw, (max-width: 767px) 82vw, 740px\" \/><\/figure>\n<\/div>\n<\/div><\/div>\n<\/div><\/div>\n\n\n\n<p><\/p>\n","protected":false},"excerpt":{"rendered":"<p>Notre syst\u00e8me qualit\u00e9 est bas\u00e9 sur les plans HACCP (Hazard Analysis Critical Control Point) avec pour objectif de satisfaire nos partenaires et leurs clients. De la r\u00e9ception de nos mati\u00e8res premi\u00e8res \u00e0 l\u2019exp\u00e9dition, toutes les proc\u00e9dures sont en place afin de vous livrer des produits conformes \u00e0 vos attentes. Nos collaborateurs ont tous suivi un &hellip; <\/p>\n<p class=\"link-more\"><a href=\"https:\/\/laboratoire-ods.com\/index.php\/qualite\/\" class=\"more-link\">Continuer la lecture<span class=\"screen-reader-text\"> de &laquo;&nbsp;Qualit\u00e9&nbsp;&raquo;<\/span><\/a><\/p>\n","protected":false},"author":1,"featured_media":396,"parent":0,"menu_order":0,"comment_status":"closed","ping_status":"closed","template":"","meta":{"_themeisle_gutenberg_block_has_review":false,"footnotes":""},"class_list":["post-70","page","type-page","status-publish","has-post-thumbnail","hentry"],"yoast_head":"<!-- This site is optimized with the Yoast SEO plugin v26.6 - https:\/\/yoast.com\/wordpress\/plugins\/seo\/ -->\n<title>Qualit\u00e9 - Laboratoire O.D.S %<\/title>\n<meta name=\"description\" content=\"Le Laboratoire O.D.S, fort d\u2019une expertise de plus de 15 ans, accompagne les plus grandes marques europ\u00e9ennes de la nutrition sportive, de la sant\u00e9 et des produits biologiques.\" \/>\n<meta name=\"robots\" content=\"index, follow, max-snippet:-1, max-image-preview:large, max-video-preview:-1\" \/>\n<link rel=\"canonical\" href=\"https:\/\/laboratoire-ods.com\/index.php\/qualite\/\" \/>\n<meta property=\"og:locale\" content=\"fr_FR\" \/>\n<meta property=\"og:type\" content=\"article\" \/>\n<meta property=\"og:title\" content=\"Qualit\u00e9 - Laboratoire O.D.S %\" \/>\n<meta property=\"og:description\" content=\"Le Laboratoire O.D.S, fort d\u2019une expertise de plus de 15 ans, accompagne les plus grandes marques europ\u00e9ennes de la nutrition sportive, de la sant\u00e9 et des produits biologiques.\" \/>\n<meta property=\"og:url\" content=\"https:\/\/laboratoire-ods.com\/index.php\/qualite\/\" \/>\n<meta property=\"og:site_name\" content=\"Laboratoire O.D.S\" \/>\n<meta property=\"article:modified_time\" content=\"2025-09-23T10:24:21+00:00\" \/>\n<meta property=\"og:image\" content=\"https:\/\/laboratoire-ods.com\/wp-content\/uploads\/2025\/08\/QUALITE-scaled.jpg\" \/>\n\t<meta property=\"og:image:width\" content=\"2560\" \/>\n\t<meta property=\"og:image:height\" content=\"1920\" \/>\n\t<meta property=\"og:image:type\" content=\"image\/jpeg\" \/>\n<meta name=\"twitter:card\" content=\"summary_large_image\" \/>\n<meta name=\"twitter:label1\" content=\"Dur\u00e9e de lecture estim\u00e9e\" \/>\n\t<meta name=\"twitter:data1\" content=\"1 minute\" \/>\n<script type=\"application\/ld+json\" class=\"yoast-schema-graph\">{\"@context\":\"https:\/\/schema.org\",\"@graph\":[{\"@type\":\"WebPage\",\"@id\":\"https:\/\/laboratoire-ods.com\/index.php\/qualite\/\",\"url\":\"https:\/\/laboratoire-ods.com\/index.php\/qualite\/\",\"name\":\"Qualit\u00e9 - Laboratoire O.D.S %\",\"isPartOf\":{\"@id\":\"https:\/\/laboratoire-ods.com\/#website\"},\"primaryImageOfPage\":{\"@id\":\"https:\/\/laboratoire-ods.com\/index.php\/qualite\/#primaryimage\"},\"image\":{\"@id\":\"https:\/\/laboratoire-ods.com\/index.php\/qualite\/#primaryimage\"},\"thumbnailUrl\":\"https:\/\/laboratoire-ods.com\/wp-content\/uploads\/2025\/08\/QUALITE-scaled.jpg\",\"datePublished\":\"2025-08-25T16:38:15+00:00\",\"dateModified\":\"2025-09-23T10:24:21+00:00\",\"description\":\"Le Laboratoire O.D.S, fort d\u2019une expertise de plus de 15 ans, accompagne les plus grandes marques europ\u00e9ennes de la nutrition sportive, de la sant\u00e9 et des produits biologiques.\",\"breadcrumb\":{\"@id\":\"https:\/\/laboratoire-ods.com\/index.php\/qualite\/#breadcrumb\"},\"inLanguage\":\"fr-FR\",\"potentialAction\":[{\"@type\":\"ReadAction\",\"target\":[\"https:\/\/laboratoire-ods.com\/index.php\/qualite\/\"]}]},{\"@type\":\"ImageObject\",\"inLanguage\":\"fr-FR\",\"@id\":\"https:\/\/laboratoire-ods.com\/index.php\/qualite\/#primaryimage\",\"url\":\"https:\/\/laboratoire-ods.com\/wp-content\/uploads\/2025\/08\/QUALITE-scaled.jpg\",\"contentUrl\":\"https:\/\/laboratoire-ods.com\/wp-content\/uploads\/2025\/08\/QUALITE-scaled.jpg\",\"width\":2560,\"height\":1920},{\"@type\":\"BreadcrumbList\",\"@id\":\"https:\/\/laboratoire-ods.com\/index.php\/qualite\/#breadcrumb\",\"itemListElement\":[{\"@type\":\"ListItem\",\"position\":1,\"name\":\"Accueil\",\"item\":\"https:\/\/laboratoire-ods.com\/\"},{\"@type\":\"ListItem\",\"position\":2,\"name\":\"Qualit\u00e9\"}]},{\"@type\":\"WebSite\",\"@id\":\"https:\/\/laboratoire-ods.com\/#website\",\"url\":\"https:\/\/laboratoire-ods.com\/\",\"name\":\"Laboratoire ODS\",\"description\":\"[Expert en produits nutritifs innovants - Fabrication en France . Bretagne]\",\"publisher\":{\"@id\":\"https:\/\/laboratoire-ods.com\/#organization\"},\"alternateName\":\"labo dos\",\"potentialAction\":[{\"@type\":\"SearchAction\",\"target\":{\"@type\":\"EntryPoint\",\"urlTemplate\":\"https:\/\/laboratoire-ods.com\/?s={search_term_string}\"},\"query-input\":{\"@type\":\"PropertyValueSpecification\",\"valueRequired\":true,\"valueName\":\"search_term_string\"}}],\"inLanguage\":\"fr-FR\"},{\"@type\":\"Organization\",\"@id\":\"https:\/\/laboratoire-ods.com\/#organization\",\"name\":\"Laboratoire ODS\",\"alternateName\":\"Laboratoire ODS Expert en produits nutritifs innovants\",\"url\":\"https:\/\/laboratoire-ods.com\/\",\"logo\":{\"@type\":\"ImageObject\",\"inLanguage\":\"fr-FR\",\"@id\":\"https:\/\/laboratoire-ods.com\/#\/schema\/logo\/image\/\",\"url\":\"https:\/\/laboratoire-ods.com\/wp-content\/uploads\/2025\/09\/image001.jpg\",\"contentUrl\":\"https:\/\/laboratoire-ods.com\/wp-content\/uploads\/2025\/09\/image001.jpg\",\"width\":600,\"height\":166,\"caption\":\"Laboratoire ODS\"},\"image\":{\"@id\":\"https:\/\/laboratoire-ods.com\/#\/schema\/logo\/image\/\"},\"sameAs\":[\"https:\/\/www.linkedin.com\/company\/laboratoire-ods\/\"]}]}<\/script>\n<!-- \/ Yoast SEO plugin. -->","yoast_head_json":{"title":"Qualit\u00e9 - Laboratoire O.D.S %","description":"Le Laboratoire O.D.S, fort d\u2019une expertise de plus de 15 ans, accompagne les plus grandes marques europ\u00e9ennes de la nutrition sportive, de la sant\u00e9 et des produits biologiques.","robots":{"index":"index","follow":"follow","max-snippet":"max-snippet:-1","max-image-preview":"max-image-preview:large","max-video-preview":"max-video-preview:-1"},"canonical":"https:\/\/laboratoire-ods.com\/index.php\/qualite\/","og_locale":"fr_FR","og_type":"article","og_title":"Qualit\u00e9 - Laboratoire O.D.S %","og_description":"Le Laboratoire O.D.S, fort d\u2019une expertise de plus de 15 ans, accompagne les plus grandes marques europ\u00e9ennes de la nutrition sportive, de la sant\u00e9 et des produits biologiques.","og_url":"https:\/\/laboratoire-ods.com\/index.php\/qualite\/","og_site_name":"Laboratoire O.D.S","article_modified_time":"2025-09-23T10:24:21+00:00","og_image":[{"width":2560,"height":1920,"url":"https:\/\/laboratoire-ods.com\/wp-content\/uploads\/2025\/08\/QUALITE-scaled.jpg","type":"image\/jpeg"}],"twitter_card":"summary_large_image","twitter_misc":{"Dur\u00e9e de lecture estim\u00e9e":"1 minute"},"schema":{"@context":"https:\/\/schema.org","@graph":[{"@type":"WebPage","@id":"https:\/\/laboratoire-ods.com\/index.php\/qualite\/","url":"https:\/\/laboratoire-ods.com\/index.php\/qualite\/","name":"Qualit\u00e9 - Laboratoire O.D.S %","isPartOf":{"@id":"https:\/\/laboratoire-ods.com\/#website"},"primaryImageOfPage":{"@id":"https:\/\/laboratoire-ods.com\/index.php\/qualite\/#primaryimage"},"image":{"@id":"https:\/\/laboratoire-ods.com\/index.php\/qualite\/#primaryimage"},"thumbnailUrl":"https:\/\/laboratoire-ods.com\/wp-content\/uploads\/2025\/08\/QUALITE-scaled.jpg","datePublished":"2025-08-25T16:38:15+00:00","dateModified":"2025-09-23T10:24:21+00:00","description":"Le Laboratoire O.D.S, fort d\u2019une expertise de plus de 15 ans, accompagne les plus grandes marques europ\u00e9ennes de la nutrition sportive, de la sant\u00e9 et des produits biologiques.","breadcrumb":{"@id":"https:\/\/laboratoire-ods.com\/index.php\/qualite\/#breadcrumb"},"inLanguage":"fr-FR","potentialAction":[{"@type":"ReadAction","target":["https:\/\/laboratoire-ods.com\/index.php\/qualite\/"]}]},{"@type":"ImageObject","inLanguage":"fr-FR","@id":"https:\/\/laboratoire-ods.com\/index.php\/qualite\/#primaryimage","url":"https:\/\/laboratoire-ods.com\/wp-content\/uploads\/2025\/08\/QUALITE-scaled.jpg","contentUrl":"https:\/\/laboratoire-ods.com\/wp-content\/uploads\/2025\/08\/QUALITE-scaled.jpg","width":2560,"height":1920},{"@type":"BreadcrumbList","@id":"https:\/\/laboratoire-ods.com\/index.php\/qualite\/#breadcrumb","itemListElement":[{"@type":"ListItem","position":1,"name":"Accueil","item":"https:\/\/laboratoire-ods.com\/"},{"@type":"ListItem","position":2,"name":"Qualit\u00e9"}]},{"@type":"WebSite","@id":"https:\/\/laboratoire-ods.com\/#website","url":"https:\/\/laboratoire-ods.com\/","name":"Laboratoire ODS","description":"[Expert en produits nutritifs innovants - Fabrication en France . Bretagne]","publisher":{"@id":"https:\/\/laboratoire-ods.com\/#organization"},"alternateName":"labo dos","potentialAction":[{"@type":"SearchAction","target":{"@type":"EntryPoint","urlTemplate":"https:\/\/laboratoire-ods.com\/?s={search_term_string}"},"query-input":{"@type":"PropertyValueSpecification","valueRequired":true,"valueName":"search_term_string"}}],"inLanguage":"fr-FR"},{"@type":"Organization","@id":"https:\/\/laboratoire-ods.com\/#organization","name":"Laboratoire ODS","alternateName":"Laboratoire ODS Expert en produits nutritifs innovants","url":"https:\/\/laboratoire-ods.com\/","logo":{"@type":"ImageObject","inLanguage":"fr-FR","@id":"https:\/\/laboratoire-ods.com\/#\/schema\/logo\/image\/","url":"https:\/\/laboratoire-ods.com\/wp-content\/uploads\/2025\/09\/image001.jpg","contentUrl":"https:\/\/laboratoire-ods.com\/wp-content\/uploads\/2025\/09\/image001.jpg","width":600,"height":166,"caption":"Laboratoire ODS"},"image":{"@id":"https:\/\/laboratoire-ods.com\/#\/schema\/logo\/image\/"},"sameAs":["https:\/\/www.linkedin.com\/company\/laboratoire-ods\/"]}]}},"_links":{"self":[{"href":"https:\/\/laboratoire-ods.com\/index.php\/wp-json\/wp\/v2\/pages\/70","targetHints":{"allow":["GET"]}}],"collection":[{"href":"https:\/\/laboratoire-ods.com\/index.php\/wp-json\/wp\/v2\/pages"}],"about":[{"href":"https:\/\/laboratoire-ods.com\/index.php\/wp-json\/wp\/v2\/types\/page"}],"author":[{"embeddable":true,"href":"https:\/\/laboratoire-ods.com\/index.php\/wp-json\/wp\/v2\/users\/1"}],"replies":[{"embeddable":true,"href":"https:\/\/laboratoire-ods.com\/index.php\/wp-json\/wp\/v2\/comments?post=70"}],"version-history":[{"count":24,"href":"https:\/\/laboratoire-ods.com\/index.php\/wp-json\/wp\/v2\/pages\/70\/revisions"}],"predecessor-version":[{"id":640,"href":"https:\/\/laboratoire-ods.com\/index.php\/wp-json\/wp\/v2\/pages\/70\/revisions\/640"}],"wp:featuredmedia":[{"embeddable":true,"href":"https:\/\/laboratoire-ods.com\/index.php\/wp-json\/wp\/v2\/media\/396"}],"wp:attachment":[{"href":"https:\/\/laboratoire-ods.com\/index.php\/wp-json\/wp\/v2\/media?parent=70"}],"curies":[{"name":"wp","href":"https:\/\/api.w.org\/{rel}","templated":true}]}}