{"id":65,"date":"2025-08-25T16:36:05","date_gmt":"2025-08-25T16:36:05","guid":{"rendered":"https:\/\/laboratoire-ods.com\/?page_id=65"},"modified":"2025-09-30T06:55:28","modified_gmt":"2025-09-30T06:55:28","slug":"marque-blanche-formule-prete-a-lemploi","status":"publish","type":"page","link":"https:\/\/laboratoire-ods.com\/index.php\/marque-blanche-formule-prete-a-lemploi\/","title":{"rendered":"Marque blanche"},"content":{"rendered":"\n<p class=\"has-medium-font-size\">Le Laboratoire O.D.S travaille sur le d\u00e9veloppement d\u2019une gamme de produits en marque blanche.<br>Ces formules \u201cPr\u00eates \u00e0 l\u2019emploi\u201d sont \u00e9labor\u00e9es au sein de notre laboratoire et r\u00e9pondent \u00e0 l\u2019ensemble des attentes du march\u00e9 actuelles ou \u00e0 venir.<\/p>\n\n\n\n<p class=\"has-medium-font-size\">Ces produits peuvent \u00eatre commercialiser sous votre propre marque.<br>Notre \u00e9quipe vous conseillera pour le conditionnement et la valorisation de votre identit\u00e9 sur le packaging.<\/p>\n\n\n\n<p class=\"animated fadeInRight has-medium-font-size\">Que cela soit pour une petite ou une grande s\u00e9rie, <a data-type=\"page\" data-id=\"102\" href=\"https:\/\/laboratoire-ods.com\/index.php\/un-projet-echangeons\/\">contactez-nous !<\/a><\/p>\n\n\n\n<figure class=\"wp-block-image size-large animated slideInLeft\"><img loading=\"lazy\" decoding=\"async\" width=\"1024\" height=\"768\" src=\"https:\/\/laboratoire-ods.com\/wp-content\/uploads\/2025\/08\/CONTIONNEMENT-POUDRES-1024x768.jpg\" alt=\"\" class=\"wp-image-416\" srcset=\"https:\/\/laboratoire-ods.com\/wp-content\/uploads\/2025\/08\/CONTIONNEMENT-POUDRES-1024x768.jpg 1024w, https:\/\/laboratoire-ods.com\/wp-content\/uploads\/2025\/08\/CONTIONNEMENT-POUDRES-300x225.jpg 300w, https:\/\/laboratoire-ods.com\/wp-content\/uploads\/2025\/08\/CONTIONNEMENT-POUDRES-768x576.jpg 768w, https:\/\/laboratoire-ods.com\/wp-content\/uploads\/2025\/08\/CONTIONNEMENT-POUDRES-1536x1152.jpg 1536w, https:\/\/laboratoire-ods.com\/wp-content\/uploads\/2025\/08\/CONTIONNEMENT-POUDRES-2048x1536.jpg 2048w\" sizes=\"auto, (max-width: 706px) 89vw, (max-width: 767px) 82vw, 740px\" \/><\/figure>\n\n\n\n<p><\/p>\n","protected":false},"excerpt":{"rendered":"<p>Le Laboratoire O.D.S travaille sur le d\u00e9veloppement d\u2019une gamme de produits en marque blanche.Ces formules \u201cPr\u00eates \u00e0 l\u2019emploi\u201d sont \u00e9labor\u00e9es au sein de notre laboratoire et r\u00e9pondent \u00e0 l\u2019ensemble des attentes du march\u00e9 actuelles ou \u00e0 venir. Ces produits peuvent \u00eatre commercialiser sous votre propre marque.Notre \u00e9quipe vous conseillera pour le conditionnement et la valorisation &hellip; <\/p>\n<p class=\"link-more\"><a href=\"https:\/\/laboratoire-ods.com\/index.php\/marque-blanche-formule-prete-a-lemploi\/\" class=\"more-link\">Continuer la lecture<span class=\"screen-reader-text\"> de &laquo;&nbsp;Marque blanche&nbsp;&raquo;<\/span><\/a><\/p>\n","protected":false},"author":1,"featured_media":616,"parent":0,"menu_order":0,"comment_status":"closed","ping_status":"closed","template":"","meta":{"_themeisle_gutenberg_block_has_review":false,"footnotes":""},"class_list":["post-65","page","type-page","status-publish","has-post-thumbnail","hentry"],"yoast_head":"<!-- This site is optimized with the Yoast SEO plugin v26.6 - https:\/\/yoast.com\/wordpress\/plugins\/seo\/ -->\n<title>Marque blanche - Laboratoire O.D.S %<\/title>\n<meta name=\"description\" content=\"Le Laboratoire O.D.S, fort d\u2019une expertise de plus de 15 ans, accompagne les plus grandes marques europ\u00e9ennes de la nutrition sportive, de la sant\u00e9 et des produits biologiques.\" \/>\n<meta name=\"robots\" content=\"index, follow, max-snippet:-1, max-image-preview:large, max-video-preview:-1\" \/>\n<link rel=\"canonical\" href=\"https:\/\/laboratoire-ods.com\/index.php\/marque-blanche-formule-prete-a-lemploi\/\" \/>\n<meta property=\"og:locale\" content=\"fr_FR\" \/>\n<meta property=\"og:type\" content=\"article\" \/>\n<meta property=\"og:title\" content=\"Marque blanche - Laboratoire O.D.S %\" \/>\n<meta property=\"og:description\" content=\"Le Laboratoire O.D.S, fort d\u2019une expertise de plus de 15 ans, accompagne les plus grandes marques europ\u00e9ennes de la nutrition sportive, de la sant\u00e9 et des produits biologiques.\" \/>\n<meta property=\"og:url\" content=\"https:\/\/laboratoire-ods.com\/index.php\/marque-blanche-formule-prete-a-lemploi\/\" \/>\n<meta property=\"og:site_name\" content=\"Laboratoire O.D.S\" \/>\n<meta property=\"article:modified_time\" content=\"2025-09-30T06:55:28+00:00\" \/>\n<meta property=\"og:image\" content=\"https:\/\/laboratoire-ods.com\/wp-content\/uploads\/2025\/09\/MARQUE-BLANCHE-Mockup-2.jpg\" \/>\n\t<meta property=\"og:image:width\" content=\"2000\" \/>\n\t<meta property=\"og:image:height\" content=\"1253\" \/>\n\t<meta property=\"og:image:type\" content=\"image\/jpeg\" \/>\n<meta name=\"twitter:card\" content=\"summary_large_image\" \/>\n<meta name=\"twitter:label1\" content=\"Dur\u00e9e de lecture estim\u00e9e\" \/>\n\t<meta name=\"twitter:data1\" content=\"1 minute\" \/>\n<script type=\"application\/ld+json\" class=\"yoast-schema-graph\">{\"@context\":\"https:\/\/schema.org\",\"@graph\":[{\"@type\":\"WebPage\",\"@id\":\"https:\/\/laboratoire-ods.com\/index.php\/marque-blanche-formule-prete-a-lemploi\/\",\"url\":\"https:\/\/laboratoire-ods.com\/index.php\/marque-blanche-formule-prete-a-lemploi\/\",\"name\":\"Marque blanche - Laboratoire O.D.S %\",\"isPartOf\":{\"@id\":\"https:\/\/laboratoire-ods.com\/#website\"},\"primaryImageOfPage\":{\"@id\":\"https:\/\/laboratoire-ods.com\/index.php\/marque-blanche-formule-prete-a-lemploi\/#primaryimage\"},\"image\":{\"@id\":\"https:\/\/laboratoire-ods.com\/index.php\/marque-blanche-formule-prete-a-lemploi\/#primaryimage\"},\"thumbnailUrl\":\"https:\/\/laboratoire-ods.com\/wp-content\/uploads\/2025\/09\/MARQUE-BLANCHE-Mockup-2.jpg\",\"datePublished\":\"2025-08-25T16:36:05+00:00\",\"dateModified\":\"2025-09-30T06:55:28+00:00\",\"description\":\"Le Laboratoire O.D.S, fort d\u2019une expertise de plus de 15 ans, accompagne les plus grandes marques europ\u00e9ennes de la nutrition sportive, de la sant\u00e9 et des produits biologiques.\",\"breadcrumb\":{\"@id\":\"https:\/\/laboratoire-ods.com\/index.php\/marque-blanche-formule-prete-a-lemploi\/#breadcrumb\"},\"inLanguage\":\"fr-FR\",\"potentialAction\":[{\"@type\":\"ReadAction\",\"target\":[\"https:\/\/laboratoire-ods.com\/index.php\/marque-blanche-formule-prete-a-lemploi\/\"]}]},{\"@type\":\"ImageObject\",\"inLanguage\":\"fr-FR\",\"@id\":\"https:\/\/laboratoire-ods.com\/index.php\/marque-blanche-formule-prete-a-lemploi\/#primaryimage\",\"url\":\"https:\/\/laboratoire-ods.com\/wp-content\/uploads\/2025\/09\/MARQUE-BLANCHE-Mockup-2.jpg\",\"contentUrl\":\"https:\/\/laboratoire-ods.com\/wp-content\/uploads\/2025\/09\/MARQUE-BLANCHE-Mockup-2.jpg\",\"width\":2000,\"height\":1253},{\"@type\":\"BreadcrumbList\",\"@id\":\"https:\/\/laboratoire-ods.com\/index.php\/marque-blanche-formule-prete-a-lemploi\/#breadcrumb\",\"itemListElement\":[{\"@type\":\"ListItem\",\"position\":1,\"name\":\"Accueil\",\"item\":\"https:\/\/laboratoire-ods.com\/\"},{\"@type\":\"ListItem\",\"position\":2,\"name\":\"Marque blanche\"}]},{\"@type\":\"WebSite\",\"@id\":\"https:\/\/laboratoire-ods.com\/#website\",\"url\":\"https:\/\/laboratoire-ods.com\/\",\"name\":\"Laboratoire ODS\",\"description\":\"[Expert en produits nutritifs innovants - Fabrication en France . Bretagne]\",\"publisher\":{\"@id\":\"https:\/\/laboratoire-ods.com\/#organization\"},\"alternateName\":\"labo dos\",\"potentialAction\":[{\"@type\":\"SearchAction\",\"target\":{\"@type\":\"EntryPoint\",\"urlTemplate\":\"https:\/\/laboratoire-ods.com\/?s={search_term_string}\"},\"query-input\":{\"@type\":\"PropertyValueSpecification\",\"valueRequired\":true,\"valueName\":\"search_term_string\"}}],\"inLanguage\":\"fr-FR\"},{\"@type\":\"Organization\",\"@id\":\"https:\/\/laboratoire-ods.com\/#organization\",\"name\":\"Laboratoire ODS\",\"alternateName\":\"Laboratoire ODS Expert en produits nutritifs innovants\",\"url\":\"https:\/\/laboratoire-ods.com\/\",\"logo\":{\"@type\":\"ImageObject\",\"inLanguage\":\"fr-FR\",\"@id\":\"https:\/\/laboratoire-ods.com\/#\/schema\/logo\/image\/\",\"url\":\"https:\/\/laboratoire-ods.com\/wp-content\/uploads\/2025\/09\/image001.jpg\",\"contentUrl\":\"https:\/\/laboratoire-ods.com\/wp-content\/uploads\/2025\/09\/image001.jpg\",\"width\":600,\"height\":166,\"caption\":\"Laboratoire ODS\"},\"image\":{\"@id\":\"https:\/\/laboratoire-ods.com\/#\/schema\/logo\/image\/\"},\"sameAs\":[\"https:\/\/www.linkedin.com\/company\/laboratoire-ods\/\"]}]}<\/script>\n<!-- \/ Yoast SEO plugin. -->","yoast_head_json":{"title":"Marque blanche - Laboratoire O.D.S %","description":"Le Laboratoire O.D.S, fort d\u2019une expertise de plus de 15 ans, accompagne les plus grandes marques europ\u00e9ennes de la nutrition sportive, de la sant\u00e9 et des produits biologiques.","robots":{"index":"index","follow":"follow","max-snippet":"max-snippet:-1","max-image-preview":"max-image-preview:large","max-video-preview":"max-video-preview:-1"},"canonical":"https:\/\/laboratoire-ods.com\/index.php\/marque-blanche-formule-prete-a-lemploi\/","og_locale":"fr_FR","og_type":"article","og_title":"Marque blanche - Laboratoire O.D.S %","og_description":"Le Laboratoire O.D.S, fort d\u2019une expertise de plus de 15 ans, accompagne les plus grandes marques europ\u00e9ennes de la nutrition sportive, de la sant\u00e9 et des produits biologiques.","og_url":"https:\/\/laboratoire-ods.com\/index.php\/marque-blanche-formule-prete-a-lemploi\/","og_site_name":"Laboratoire O.D.S","article_modified_time":"2025-09-30T06:55:28+00:00","og_image":[{"width":2000,"height":1253,"url":"https:\/\/laboratoire-ods.com\/wp-content\/uploads\/2025\/09\/MARQUE-BLANCHE-Mockup-2.jpg","type":"image\/jpeg"}],"twitter_card":"summary_large_image","twitter_misc":{"Dur\u00e9e de lecture estim\u00e9e":"1 minute"},"schema":{"@context":"https:\/\/schema.org","@graph":[{"@type":"WebPage","@id":"https:\/\/laboratoire-ods.com\/index.php\/marque-blanche-formule-prete-a-lemploi\/","url":"https:\/\/laboratoire-ods.com\/index.php\/marque-blanche-formule-prete-a-lemploi\/","name":"Marque blanche - Laboratoire O.D.S %","isPartOf":{"@id":"https:\/\/laboratoire-ods.com\/#website"},"primaryImageOfPage":{"@id":"https:\/\/laboratoire-ods.com\/index.php\/marque-blanche-formule-prete-a-lemploi\/#primaryimage"},"image":{"@id":"https:\/\/laboratoire-ods.com\/index.php\/marque-blanche-formule-prete-a-lemploi\/#primaryimage"},"thumbnailUrl":"https:\/\/laboratoire-ods.com\/wp-content\/uploads\/2025\/09\/MARQUE-BLANCHE-Mockup-2.jpg","datePublished":"2025-08-25T16:36:05+00:00","dateModified":"2025-09-30T06:55:28+00:00","description":"Le Laboratoire O.D.S, fort d\u2019une expertise de plus de 15 ans, accompagne les plus grandes marques europ\u00e9ennes de la nutrition sportive, de la sant\u00e9 et des produits biologiques.","breadcrumb":{"@id":"https:\/\/laboratoire-ods.com\/index.php\/marque-blanche-formule-prete-a-lemploi\/#breadcrumb"},"inLanguage":"fr-FR","potentialAction":[{"@type":"ReadAction","target":["https:\/\/laboratoire-ods.com\/index.php\/marque-blanche-formule-prete-a-lemploi\/"]}]},{"@type":"ImageObject","inLanguage":"fr-FR","@id":"https:\/\/laboratoire-ods.com\/index.php\/marque-blanche-formule-prete-a-lemploi\/#primaryimage","url":"https:\/\/laboratoire-ods.com\/wp-content\/uploads\/2025\/09\/MARQUE-BLANCHE-Mockup-2.jpg","contentUrl":"https:\/\/laboratoire-ods.com\/wp-content\/uploads\/2025\/09\/MARQUE-BLANCHE-Mockup-2.jpg","width":2000,"height":1253},{"@type":"BreadcrumbList","@id":"https:\/\/laboratoire-ods.com\/index.php\/marque-blanche-formule-prete-a-lemploi\/#breadcrumb","itemListElement":[{"@type":"ListItem","position":1,"name":"Accueil","item":"https:\/\/laboratoire-ods.com\/"},{"@type":"ListItem","position":2,"name":"Marque blanche"}]},{"@type":"WebSite","@id":"https:\/\/laboratoire-ods.com\/#website","url":"https:\/\/laboratoire-ods.com\/","name":"Laboratoire ODS","description":"[Expert en produits nutritifs innovants - Fabrication en France . Bretagne]","publisher":{"@id":"https:\/\/laboratoire-ods.com\/#organization"},"alternateName":"labo dos","potentialAction":[{"@type":"SearchAction","target":{"@type":"EntryPoint","urlTemplate":"https:\/\/laboratoire-ods.com\/?s={search_term_string}"},"query-input":{"@type":"PropertyValueSpecification","valueRequired":true,"valueName":"search_term_string"}}],"inLanguage":"fr-FR"},{"@type":"Organization","@id":"https:\/\/laboratoire-ods.com\/#organization","name":"Laboratoire ODS","alternateName":"Laboratoire ODS Expert en produits nutritifs innovants","url":"https:\/\/laboratoire-ods.com\/","logo":{"@type":"ImageObject","inLanguage":"fr-FR","@id":"https:\/\/laboratoire-ods.com\/#\/schema\/logo\/image\/","url":"https:\/\/laboratoire-ods.com\/wp-content\/uploads\/2025\/09\/image001.jpg","contentUrl":"https:\/\/laboratoire-ods.com\/wp-content\/uploads\/2025\/09\/image001.jpg","width":600,"height":166,"caption":"Laboratoire ODS"},"image":{"@id":"https:\/\/laboratoire-ods.com\/#\/schema\/logo\/image\/"},"sameAs":["https:\/\/www.linkedin.com\/company\/laboratoire-ods\/"]}]}},"_links":{"self":[{"href":"https:\/\/laboratoire-ods.com\/index.php\/wp-json\/wp\/v2\/pages\/65","targetHints":{"allow":["GET"]}}],"collection":[{"href":"https:\/\/laboratoire-ods.com\/index.php\/wp-json\/wp\/v2\/pages"}],"about":[{"href":"https:\/\/laboratoire-ods.com\/index.php\/wp-json\/wp\/v2\/types\/page"}],"author":[{"embeddable":true,"href":"https:\/\/laboratoire-ods.com\/index.php\/wp-json\/wp\/v2\/users\/1"}],"replies":[{"embeddable":true,"href":"https:\/\/laboratoire-ods.com\/index.php\/wp-json\/wp\/v2\/comments?post=65"}],"version-history":[{"count":12,"href":"https:\/\/laboratoire-ods.com\/index.php\/wp-json\/wp\/v2\/pages\/65\/revisions"}],"predecessor-version":[{"id":626,"href":"https:\/\/laboratoire-ods.com\/index.php\/wp-json\/wp\/v2\/pages\/65\/revisions\/626"}],"wp:featuredmedia":[{"embeddable":true,"href":"https:\/\/laboratoire-ods.com\/index.php\/wp-json\/wp\/v2\/media\/616"}],"wp:attachment":[{"href":"https:\/\/laboratoire-ods.com\/index.php\/wp-json\/wp\/v2\/media?parent=65"}],"curies":[{"name":"wp","href":"https:\/\/api.w.org\/{rel}","templated":true}]}}