{"id":441,"date":"2025-08-27T11:20:04","date_gmt":"2025-08-27T11:20:04","guid":{"rendered":"https:\/\/laboratoire-ods.com\/?page_id=441"},"modified":"2025-09-22T09:54:03","modified_gmt":"2025-09-22T09:54:03","slug":"nos-conseils-en-conditionnement-et-mise-en-avant-de-votre-marque","status":"publish","type":"page","link":"https:\/\/laboratoire-ods.com\/index.php\/nos-conseils-en-conditionnement-et-mise-en-avant-de-votre-marque\/","title":{"rendered":"Conseils packaging et marketing"},"content":{"rendered":"\n<p class=\"has-medium-font-size\"><strong>Nos conseils en conditionnement et mise en avant de votre marque<\/strong><br><strong>\u2022<\/strong> \u00c9tude et optimisation de la dur\u00e9e de conservation (\u00e9tudes de vieillissement) et choix du conditionnement le plus adapt\u00e9 : Doypacks &#8211; Tubes &#8211; Sachets &#8211; Piluliers &#8211; Flacon monodose (Shots) &#8211; Flacon Bo\u00eetes &#8211; Pots.<br><strong>\u2022<\/strong> Avec l\u2019aide de nos partenaires en design graphique et marketing, nous vous conseillons pour personnaliser votre emballage \u00e0 votre image et d\u00e9velopper votre communication globale autour de vos produits.<\/p>\n\n\n\n<figure class=\"wp-block-image size-large animated slideInUp\"><img loading=\"lazy\" decoding=\"async\" width=\"1024\" height=\"256\" src=\"https:\/\/laboratoire-ods.com\/wp-content\/uploads\/2025\/08\/Pictos-packs-1-1024x256.png\" alt=\"\" class=\"wp-image-266\" srcset=\"https:\/\/laboratoire-ods.com\/wp-content\/uploads\/2025\/08\/Pictos-packs-1-1024x256.png 1024w, https:\/\/laboratoire-ods.com\/wp-content\/uploads\/2025\/08\/Pictos-packs-1-300x75.png 300w, https:\/\/laboratoire-ods.com\/wp-content\/uploads\/2025\/08\/Pictos-packs-1-768x192.png 768w, https:\/\/laboratoire-ods.com\/wp-content\/uploads\/2025\/08\/Pictos-packs-1-1536x384.png 1536w, https:\/\/laboratoire-ods.com\/wp-content\/uploads\/2025\/08\/Pictos-packs-1-2048x512.png 2048w\" sizes=\"auto, (max-width: 706px) 89vw, (max-width: 767px) 82vw, 740px\" \/><\/figure>\n","protected":false},"excerpt":{"rendered":"<p>Nos conseils en conditionnement et mise en avant de votre marque\u2022 \u00c9tude et optimisation de la dur\u00e9e de conservation (\u00e9tudes de vieillissement) et choix du conditionnement le plus adapt\u00e9 : Doypacks &#8211; Tubes &#8211; Sachets &#8211; Piluliers &#8211; Flacon monodose (Shots) &#8211; Flacon Bo\u00eetes &#8211; Pots.\u2022 Avec l\u2019aide de nos partenaires en design graphique et &hellip; <\/p>\n<p class=\"link-more\"><a href=\"https:\/\/laboratoire-ods.com\/index.php\/nos-conseils-en-conditionnement-et-mise-en-avant-de-votre-marque\/\" class=\"more-link\">Continuer la lecture<span class=\"screen-reader-text\"> de &laquo;&nbsp;Conseils packaging et marketing&nbsp;&raquo;<\/span><\/a><\/p>\n","protected":false},"author":1,"featured_media":0,"parent":0,"menu_order":0,"comment_status":"closed","ping_status":"closed","template":"","meta":{"_themeisle_gutenberg_block_has_review":false,"footnotes":""},"class_list":["post-441","page","type-page","status-publish","hentry"],"yoast_head":"<!-- This site is optimized with the Yoast SEO plugin v26.6 - https:\/\/yoast.com\/wordpress\/plugins\/seo\/ -->\n<title>Conseils packaging et marketing - Laboratoire O.D.S %<\/title>\n<meta name=\"description\" content=\"Le Laboratoire O.D.S, fort d\u2019une expertise de plus de 15 ans, accompagne les plus grandes marques europ\u00e9ennes de la nutrition sportive, de la sant\u00e9 et des produits biologiques.\" \/>\n<meta name=\"robots\" content=\"index, follow, max-snippet:-1, max-image-preview:large, max-video-preview:-1\" \/>\n<link rel=\"canonical\" href=\"https:\/\/laboratoire-ods.com\/index.php\/nos-conseils-en-conditionnement-et-mise-en-avant-de-votre-marque\/\" \/>\n<meta property=\"og:locale\" content=\"fr_FR\" \/>\n<meta property=\"og:type\" content=\"article\" \/>\n<meta property=\"og:title\" content=\"Conseils packaging et marketing - Laboratoire O.D.S %\" \/>\n<meta property=\"og:description\" content=\"Le Laboratoire O.D.S, fort d\u2019une expertise de plus de 15 ans, accompagne les plus grandes marques europ\u00e9ennes de la nutrition sportive, de la sant\u00e9 et des produits biologiques.\" \/>\n<meta property=\"og:url\" content=\"https:\/\/laboratoire-ods.com\/index.php\/nos-conseils-en-conditionnement-et-mise-en-avant-de-votre-marque\/\" \/>\n<meta property=\"og:site_name\" content=\"Laboratoire O.D.S\" \/>\n<meta property=\"article:modified_time\" content=\"2025-09-22T09:54:03+00:00\" \/>\n<meta property=\"og:image\" content=\"https:\/\/laboratoire-ods.com\/wp-content\/uploads\/2025\/08\/Pictos-packs-1-1024x256.png\" \/>\n<meta name=\"twitter:card\" content=\"summary_large_image\" \/>\n<meta name=\"twitter:label1\" content=\"Dur\u00e9e de lecture estim\u00e9e\" \/>\n\t<meta name=\"twitter:data1\" content=\"1 minute\" \/>\n<script type=\"application\/ld+json\" class=\"yoast-schema-graph\">{\"@context\":\"https:\/\/schema.org\",\"@graph\":[{\"@type\":\"WebPage\",\"@id\":\"https:\/\/laboratoire-ods.com\/index.php\/nos-conseils-en-conditionnement-et-mise-en-avant-de-votre-marque\/\",\"url\":\"https:\/\/laboratoire-ods.com\/index.php\/nos-conseils-en-conditionnement-et-mise-en-avant-de-votre-marque\/\",\"name\":\"Conseils packaging et marketing - Laboratoire O.D.S %\",\"isPartOf\":{\"@id\":\"https:\/\/laboratoire-ods.com\/#website\"},\"primaryImageOfPage\":{\"@id\":\"https:\/\/laboratoire-ods.com\/index.php\/nos-conseils-en-conditionnement-et-mise-en-avant-de-votre-marque\/#primaryimage\"},\"image\":{\"@id\":\"https:\/\/laboratoire-ods.com\/index.php\/nos-conseils-en-conditionnement-et-mise-en-avant-de-votre-marque\/#primaryimage\"},\"thumbnailUrl\":\"https:\/\/laboratoire-ods.com\/wp-content\/uploads\/2025\/08\/Pictos-packs-1-1024x256.png\",\"datePublished\":\"2025-08-27T11:20:04+00:00\",\"dateModified\":\"2025-09-22T09:54:03+00:00\",\"description\":\"Le Laboratoire O.D.S, fort d\u2019une expertise de plus de 15 ans, accompagne les plus grandes marques europ\u00e9ennes de la nutrition sportive, de la sant\u00e9 et des produits biologiques.\",\"breadcrumb\":{\"@id\":\"https:\/\/laboratoire-ods.com\/index.php\/nos-conseils-en-conditionnement-et-mise-en-avant-de-votre-marque\/#breadcrumb\"},\"inLanguage\":\"fr-FR\",\"potentialAction\":[{\"@type\":\"ReadAction\",\"target\":[\"https:\/\/laboratoire-ods.com\/index.php\/nos-conseils-en-conditionnement-et-mise-en-avant-de-votre-marque\/\"]}]},{\"@type\":\"ImageObject\",\"inLanguage\":\"fr-FR\",\"@id\":\"https:\/\/laboratoire-ods.com\/index.php\/nos-conseils-en-conditionnement-et-mise-en-avant-de-votre-marque\/#primaryimage\",\"url\":\"https:\/\/laboratoire-ods.com\/wp-content\/uploads\/2025\/08\/Pictos-packs-1-scaled.png\",\"contentUrl\":\"https:\/\/laboratoire-ods.com\/wp-content\/uploads\/2025\/08\/Pictos-packs-1-scaled.png\",\"width\":2560,\"height\":640},{\"@type\":\"BreadcrumbList\",\"@id\":\"https:\/\/laboratoire-ods.com\/index.php\/nos-conseils-en-conditionnement-et-mise-en-avant-de-votre-marque\/#breadcrumb\",\"itemListElement\":[{\"@type\":\"ListItem\",\"position\":1,\"name\":\"Accueil\",\"item\":\"https:\/\/laboratoire-ods.com\/\"},{\"@type\":\"ListItem\",\"position\":2,\"name\":\"Conseils packaging et marketing\"}]},{\"@type\":\"WebSite\",\"@id\":\"https:\/\/laboratoire-ods.com\/#website\",\"url\":\"https:\/\/laboratoire-ods.com\/\",\"name\":\"Laboratoire ODS\",\"description\":\"[Expert en produits nutritifs innovants - Fabrication en France . Bretagne]\",\"publisher\":{\"@id\":\"https:\/\/laboratoire-ods.com\/#organization\"},\"alternateName\":\"labo dos\",\"potentialAction\":[{\"@type\":\"SearchAction\",\"target\":{\"@type\":\"EntryPoint\",\"urlTemplate\":\"https:\/\/laboratoire-ods.com\/?s={search_term_string}\"},\"query-input\":{\"@type\":\"PropertyValueSpecification\",\"valueRequired\":true,\"valueName\":\"search_term_string\"}}],\"inLanguage\":\"fr-FR\"},{\"@type\":\"Organization\",\"@id\":\"https:\/\/laboratoire-ods.com\/#organization\",\"name\":\"Laboratoire ODS\",\"alternateName\":\"Laboratoire ODS Expert en produits nutritifs innovants\",\"url\":\"https:\/\/laboratoire-ods.com\/\",\"logo\":{\"@type\":\"ImageObject\",\"inLanguage\":\"fr-FR\",\"@id\":\"https:\/\/laboratoire-ods.com\/#\/schema\/logo\/image\/\",\"url\":\"https:\/\/laboratoire-ods.com\/wp-content\/uploads\/2025\/09\/image001.jpg\",\"contentUrl\":\"https:\/\/laboratoire-ods.com\/wp-content\/uploads\/2025\/09\/image001.jpg\",\"width\":600,\"height\":166,\"caption\":\"Laboratoire ODS\"},\"image\":{\"@id\":\"https:\/\/laboratoire-ods.com\/#\/schema\/logo\/image\/\"},\"sameAs\":[\"https:\/\/www.linkedin.com\/company\/laboratoire-ods\/\"]}]}<\/script>\n<!-- \/ Yoast SEO plugin. -->","yoast_head_json":{"title":"Conseils packaging et marketing - Laboratoire O.D.S %","description":"Le Laboratoire O.D.S, fort d\u2019une expertise de plus de 15 ans, accompagne les plus grandes marques europ\u00e9ennes de la nutrition sportive, de la sant\u00e9 et des produits biologiques.","robots":{"index":"index","follow":"follow","max-snippet":"max-snippet:-1","max-image-preview":"max-image-preview:large","max-video-preview":"max-video-preview:-1"},"canonical":"https:\/\/laboratoire-ods.com\/index.php\/nos-conseils-en-conditionnement-et-mise-en-avant-de-votre-marque\/","og_locale":"fr_FR","og_type":"article","og_title":"Conseils packaging et marketing - Laboratoire O.D.S %","og_description":"Le Laboratoire O.D.S, fort d\u2019une expertise de plus de 15 ans, accompagne les plus grandes marques europ\u00e9ennes de la nutrition sportive, de la sant\u00e9 et des produits biologiques.","og_url":"https:\/\/laboratoire-ods.com\/index.php\/nos-conseils-en-conditionnement-et-mise-en-avant-de-votre-marque\/","og_site_name":"Laboratoire O.D.S","article_modified_time":"2025-09-22T09:54:03+00:00","og_image":[{"url":"https:\/\/laboratoire-ods.com\/wp-content\/uploads\/2025\/08\/Pictos-packs-1-1024x256.png","type":"","width":"","height":""}],"twitter_card":"summary_large_image","twitter_misc":{"Dur\u00e9e de lecture estim\u00e9e":"1 minute"},"schema":{"@context":"https:\/\/schema.org","@graph":[{"@type":"WebPage","@id":"https:\/\/laboratoire-ods.com\/index.php\/nos-conseils-en-conditionnement-et-mise-en-avant-de-votre-marque\/","url":"https:\/\/laboratoire-ods.com\/index.php\/nos-conseils-en-conditionnement-et-mise-en-avant-de-votre-marque\/","name":"Conseils packaging et marketing - Laboratoire O.D.S %","isPartOf":{"@id":"https:\/\/laboratoire-ods.com\/#website"},"primaryImageOfPage":{"@id":"https:\/\/laboratoire-ods.com\/index.php\/nos-conseils-en-conditionnement-et-mise-en-avant-de-votre-marque\/#primaryimage"},"image":{"@id":"https:\/\/laboratoire-ods.com\/index.php\/nos-conseils-en-conditionnement-et-mise-en-avant-de-votre-marque\/#primaryimage"},"thumbnailUrl":"https:\/\/laboratoire-ods.com\/wp-content\/uploads\/2025\/08\/Pictos-packs-1-1024x256.png","datePublished":"2025-08-27T11:20:04+00:00","dateModified":"2025-09-22T09:54:03+00:00","description":"Le Laboratoire O.D.S, fort d\u2019une expertise de plus de 15 ans, accompagne les plus grandes marques europ\u00e9ennes de la nutrition sportive, de la sant\u00e9 et des produits biologiques.","breadcrumb":{"@id":"https:\/\/laboratoire-ods.com\/index.php\/nos-conseils-en-conditionnement-et-mise-en-avant-de-votre-marque\/#breadcrumb"},"inLanguage":"fr-FR","potentialAction":[{"@type":"ReadAction","target":["https:\/\/laboratoire-ods.com\/index.php\/nos-conseils-en-conditionnement-et-mise-en-avant-de-votre-marque\/"]}]},{"@type":"ImageObject","inLanguage":"fr-FR","@id":"https:\/\/laboratoire-ods.com\/index.php\/nos-conseils-en-conditionnement-et-mise-en-avant-de-votre-marque\/#primaryimage","url":"https:\/\/laboratoire-ods.com\/wp-content\/uploads\/2025\/08\/Pictos-packs-1-scaled.png","contentUrl":"https:\/\/laboratoire-ods.com\/wp-content\/uploads\/2025\/08\/Pictos-packs-1-scaled.png","width":2560,"height":640},{"@type":"BreadcrumbList","@id":"https:\/\/laboratoire-ods.com\/index.php\/nos-conseils-en-conditionnement-et-mise-en-avant-de-votre-marque\/#breadcrumb","itemListElement":[{"@type":"ListItem","position":1,"name":"Accueil","item":"https:\/\/laboratoire-ods.com\/"},{"@type":"ListItem","position":2,"name":"Conseils packaging et marketing"}]},{"@type":"WebSite","@id":"https:\/\/laboratoire-ods.com\/#website","url":"https:\/\/laboratoire-ods.com\/","name":"Laboratoire ODS","description":"[Expert en produits nutritifs innovants - Fabrication en France . Bretagne]","publisher":{"@id":"https:\/\/laboratoire-ods.com\/#organization"},"alternateName":"labo dos","potentialAction":[{"@type":"SearchAction","target":{"@type":"EntryPoint","urlTemplate":"https:\/\/laboratoire-ods.com\/?s={search_term_string}"},"query-input":{"@type":"PropertyValueSpecification","valueRequired":true,"valueName":"search_term_string"}}],"inLanguage":"fr-FR"},{"@type":"Organization","@id":"https:\/\/laboratoire-ods.com\/#organization","name":"Laboratoire ODS","alternateName":"Laboratoire ODS Expert en produits nutritifs innovants","url":"https:\/\/laboratoire-ods.com\/","logo":{"@type":"ImageObject","inLanguage":"fr-FR","@id":"https:\/\/laboratoire-ods.com\/#\/schema\/logo\/image\/","url":"https:\/\/laboratoire-ods.com\/wp-content\/uploads\/2025\/09\/image001.jpg","contentUrl":"https:\/\/laboratoire-ods.com\/wp-content\/uploads\/2025\/09\/image001.jpg","width":600,"height":166,"caption":"Laboratoire ODS"},"image":{"@id":"https:\/\/laboratoire-ods.com\/#\/schema\/logo\/image\/"},"sameAs":["https:\/\/www.linkedin.com\/company\/laboratoire-ods\/"]}]}},"_links":{"self":[{"href":"https:\/\/laboratoire-ods.com\/index.php\/wp-json\/wp\/v2\/pages\/441","targetHints":{"allow":["GET"]}}],"collection":[{"href":"https:\/\/laboratoire-ods.com\/index.php\/wp-json\/wp\/v2\/pages"}],"about":[{"href":"https:\/\/laboratoire-ods.com\/index.php\/wp-json\/wp\/v2\/types\/page"}],"author":[{"embeddable":true,"href":"https:\/\/laboratoire-ods.com\/index.php\/wp-json\/wp\/v2\/users\/1"}],"replies":[{"embeddable":true,"href":"https:\/\/laboratoire-ods.com\/index.php\/wp-json\/wp\/v2\/comments?post=441"}],"version-history":[{"count":6,"href":"https:\/\/laboratoire-ods.com\/index.php\/wp-json\/wp\/v2\/pages\/441\/revisions"}],"predecessor-version":[{"id":607,"href":"https:\/\/laboratoire-ods.com\/index.php\/wp-json\/wp\/v2\/pages\/441\/revisions\/607"}],"wp:attachment":[{"href":"https:\/\/laboratoire-ods.com\/index.php\/wp-json\/wp\/v2\/media?parent=441"}],"curies":[{"name":"wp","href":"https:\/\/api.w.org\/{rel}","templated":true}]}}