{"id":36,"date":"2025-08-25T15:51:36","date_gmt":"2025-08-25T15:51:36","guid":{"rendered":"https:\/\/laboratoire-ods.com\/?page_id=36"},"modified":"2025-09-30T08:16:53","modified_gmt":"2025-09-30T08:16:53","slug":"gamme-produits","status":"publish","type":"page","link":"https:\/\/laboratoire-ods.com\/index.php\/gamme-produits\/","title":{"rendered":"Gamme produits"},"content":{"rendered":"\n<p class=\"has-medium-font-size\">Nous formulons sur-mesure vos produits pour r\u00e9pondre \u00e0 vos exigences nutritionnelles et organoleptiques.<br>Nous proposons des formats adapt\u00e9s \u00e0 vos besoins allant du stick de 5g au doypack de 3kg, en passant par la bo\u00eete de 600g.<br>Nous vous accompagnons sur l\u2019aspect r\u00e9glementaire en lien avec notre service qualit\u00e9.<\/p>\n\n\n\n<figure class=\"wp-block-image size-large animated fadeInDown\"><img loading=\"lazy\" decoding=\"async\" width=\"1024\" height=\"307\" src=\"https:\/\/laboratoire-ods.com\/wp-content\/uploads\/2025\/08\/Pictos-gammes-4-1024x307.png\" alt=\"\" class=\"wp-image-286\" srcset=\"https:\/\/laboratoire-ods.com\/wp-content\/uploads\/2025\/08\/Pictos-gammes-4-1024x307.png 1024w, https:\/\/laboratoire-ods.com\/wp-content\/uploads\/2025\/08\/Pictos-gammes-4-300x90.png 300w, https:\/\/laboratoire-ods.com\/wp-content\/uploads\/2025\/08\/Pictos-gammes-4-768x230.png 768w, https:\/\/laboratoire-ods.com\/wp-content\/uploads\/2025\/08\/Pictos-gammes-4-1536x461.png 1536w, https:\/\/laboratoire-ods.com\/wp-content\/uploads\/2025\/08\/Pictos-gammes-4-2048x614.png 2048w\" sizes=\"auto, (max-width: 706px) 89vw, (max-width: 767px) 82vw, 740px\" \/><\/figure>\n\n\n\n<p style=\"font-size:14px\"><strong>SPORT<\/strong><br>Avant, pendant et apr\u00e8s l\u2019effort<br>Apports nutritionnels cibl\u00e9s<br>Adapt\u00e9 \u00e0 chaque type d\u2019activit\u00e9 sportive<br>Format nomade<\/p>\n\n\n\n<p style=\"font-size:14px\"><strong>SANT\u00c9\/BIEN-\u00caTRE<\/strong><br>Bienfaits adapt\u00e9s<br>All\u00e9gations nutritionnelles et de sant\u00e9<br>Apports nutritionnels contr\u00f4l\u00e9s<\/p>\n\n\n\n<p style=\"font-size:14px\"><strong>BIO<\/strong><br>Selon votre cahier des charges formulation \u00e0 partir d\u2019ingr\u00e9dients certifi\u00e9s biologiques.<\/p>\n\n\n\n<p style=\"font-size:14px\"><strong>SANS GLUTEN &#8211; SANS LACTOSE<\/strong><br>Selon votre cahier des charges pour limiter les allerg\u00e8nes<\/p>\n","protected":false},"excerpt":{"rendered":"<p>Nous formulons sur-mesure vos produits pour r\u00e9pondre \u00e0 vos exigences nutritionnelles et organoleptiques.Nous proposons des formats adapt\u00e9s \u00e0 vos besoins allant du stick de 5g au doypack de 3kg, en passant par la bo\u00eete de 600g.Nous vous accompagnons sur l\u2019aspect r\u00e9glementaire en lien avec notre service qualit\u00e9. SPORTAvant, pendant et apr\u00e8s l\u2019effortApports nutritionnels cibl\u00e9sAdapt\u00e9 \u00e0 &hellip; <\/p>\n<p class=\"link-more\"><a href=\"https:\/\/laboratoire-ods.com\/index.php\/gamme-produits\/\" class=\"more-link\">Continuer la lecture<span class=\"screen-reader-text\"> de &laquo;&nbsp;Gamme produits&nbsp;&raquo;<\/span><\/a><\/p>\n","protected":false},"author":1,"featured_media":0,"parent":0,"menu_order":0,"comment_status":"closed","ping_status":"closed","template":"","meta":{"_themeisle_gutenberg_block_has_review":false,"footnotes":""},"class_list":["post-36","page","type-page","status-publish","hentry"],"yoast_head":"<!-- This site is optimized with the Yoast SEO plugin v26.6 - https:\/\/yoast.com\/wordpress\/plugins\/seo\/ -->\n<title>Gamme produits - Laboratoire O.D.S %<\/title>\n<meta name=\"description\" content=\"Le Laboratoire O.D.S, fort d\u2019une expertise de plus de 15 ans, accompagne les plus grandes marques europ\u00e9ennes de la nutrition sportive, de la sant\u00e9 et des produits biologiques.\" \/>\n<meta name=\"robots\" content=\"index, follow, max-snippet:-1, max-image-preview:large, max-video-preview:-1\" \/>\n<link rel=\"canonical\" href=\"https:\/\/laboratoire-ods.com\/index.php\/gamme-produits\/\" \/>\n<meta property=\"og:locale\" content=\"fr_FR\" \/>\n<meta property=\"og:type\" content=\"article\" \/>\n<meta property=\"og:title\" content=\"Gamme produits - Laboratoire O.D.S %\" \/>\n<meta property=\"og:description\" content=\"Le Laboratoire O.D.S, fort d\u2019une expertise de plus de 15 ans, accompagne les plus grandes marques europ\u00e9ennes de la nutrition sportive, de la sant\u00e9 et des produits biologiques.\" \/>\n<meta property=\"og:url\" content=\"https:\/\/laboratoire-ods.com\/index.php\/gamme-produits\/\" \/>\n<meta property=\"og:site_name\" content=\"Laboratoire O.D.S\" \/>\n<meta property=\"article:modified_time\" content=\"2025-09-30T08:16:53+00:00\" \/>\n<meta property=\"og:image\" content=\"https:\/\/laboratoire-ods.com\/wp-content\/uploads\/2025\/08\/Pictos-gammes-4-1024x307.png\" \/>\n<meta name=\"twitter:card\" content=\"summary_large_image\" \/>\n<meta name=\"twitter:label1\" content=\"Dur\u00e9e de lecture estim\u00e9e\" \/>\n\t<meta name=\"twitter:data1\" content=\"1 minute\" \/>\n<script type=\"application\/ld+json\" class=\"yoast-schema-graph\">{\"@context\":\"https:\/\/schema.org\",\"@graph\":[{\"@type\":\"WebPage\",\"@id\":\"https:\/\/laboratoire-ods.com\/index.php\/gamme-produits\/\",\"url\":\"https:\/\/laboratoire-ods.com\/index.php\/gamme-produits\/\",\"name\":\"Gamme produits - Laboratoire O.D.S %\",\"isPartOf\":{\"@id\":\"https:\/\/laboratoire-ods.com\/#website\"},\"primaryImageOfPage\":{\"@id\":\"https:\/\/laboratoire-ods.com\/index.php\/gamme-produits\/#primaryimage\"},\"image\":{\"@id\":\"https:\/\/laboratoire-ods.com\/index.php\/gamme-produits\/#primaryimage\"},\"thumbnailUrl\":\"https:\/\/laboratoire-ods.com\/wp-content\/uploads\/2025\/08\/Pictos-gammes-4-1024x307.png\",\"datePublished\":\"2025-08-25T15:51:36+00:00\",\"dateModified\":\"2025-09-30T08:16:53+00:00\",\"description\":\"Le Laboratoire O.D.S, fort d\u2019une expertise de plus de 15 ans, accompagne les plus grandes marques europ\u00e9ennes de la nutrition sportive, de la sant\u00e9 et des produits biologiques.\",\"breadcrumb\":{\"@id\":\"https:\/\/laboratoire-ods.com\/index.php\/gamme-produits\/#breadcrumb\"},\"inLanguage\":\"fr-FR\",\"potentialAction\":[{\"@type\":\"ReadAction\",\"target\":[\"https:\/\/laboratoire-ods.com\/index.php\/gamme-produits\/\"]}]},{\"@type\":\"ImageObject\",\"inLanguage\":\"fr-FR\",\"@id\":\"https:\/\/laboratoire-ods.com\/index.php\/gamme-produits\/#primaryimage\",\"url\":\"https:\/\/laboratoire-ods.com\/wp-content\/uploads\/2025\/08\/Pictos-gammes-4-scaled.png\",\"contentUrl\":\"https:\/\/laboratoire-ods.com\/wp-content\/uploads\/2025\/08\/Pictos-gammes-4-scaled.png\",\"width\":2560,\"height\":768},{\"@type\":\"BreadcrumbList\",\"@id\":\"https:\/\/laboratoire-ods.com\/index.php\/gamme-produits\/#breadcrumb\",\"itemListElement\":[{\"@type\":\"ListItem\",\"position\":1,\"name\":\"Accueil\",\"item\":\"https:\/\/laboratoire-ods.com\/\"},{\"@type\":\"ListItem\",\"position\":2,\"name\":\"Gamme produits\"}]},{\"@type\":\"WebSite\",\"@id\":\"https:\/\/laboratoire-ods.com\/#website\",\"url\":\"https:\/\/laboratoire-ods.com\/\",\"name\":\"Laboratoire ODS\",\"description\":\"[Expert en produits nutritifs innovants - Fabrication en France . Bretagne]\",\"publisher\":{\"@id\":\"https:\/\/laboratoire-ods.com\/#organization\"},\"alternateName\":\"labo dos\",\"potentialAction\":[{\"@type\":\"SearchAction\",\"target\":{\"@type\":\"EntryPoint\",\"urlTemplate\":\"https:\/\/laboratoire-ods.com\/?s={search_term_string}\"},\"query-input\":{\"@type\":\"PropertyValueSpecification\",\"valueRequired\":true,\"valueName\":\"search_term_string\"}}],\"inLanguage\":\"fr-FR\"},{\"@type\":\"Organization\",\"@id\":\"https:\/\/laboratoire-ods.com\/#organization\",\"name\":\"Laboratoire ODS\",\"alternateName\":\"Laboratoire ODS Expert en produits nutritifs innovants\",\"url\":\"https:\/\/laboratoire-ods.com\/\",\"logo\":{\"@type\":\"ImageObject\",\"inLanguage\":\"fr-FR\",\"@id\":\"https:\/\/laboratoire-ods.com\/#\/schema\/logo\/image\/\",\"url\":\"https:\/\/laboratoire-ods.com\/wp-content\/uploads\/2025\/09\/image001.jpg\",\"contentUrl\":\"https:\/\/laboratoire-ods.com\/wp-content\/uploads\/2025\/09\/image001.jpg\",\"width\":600,\"height\":166,\"caption\":\"Laboratoire ODS\"},\"image\":{\"@id\":\"https:\/\/laboratoire-ods.com\/#\/schema\/logo\/image\/\"},\"sameAs\":[\"https:\/\/www.linkedin.com\/company\/laboratoire-ods\/\"]}]}<\/script>\n<!-- \/ Yoast SEO plugin. -->","yoast_head_json":{"title":"Gamme produits - Laboratoire O.D.S %","description":"Le Laboratoire O.D.S, fort d\u2019une expertise de plus de 15 ans, accompagne les plus grandes marques europ\u00e9ennes de la nutrition sportive, de la sant\u00e9 et des produits biologiques.","robots":{"index":"index","follow":"follow","max-snippet":"max-snippet:-1","max-image-preview":"max-image-preview:large","max-video-preview":"max-video-preview:-1"},"canonical":"https:\/\/laboratoire-ods.com\/index.php\/gamme-produits\/","og_locale":"fr_FR","og_type":"article","og_title":"Gamme produits - Laboratoire O.D.S %","og_description":"Le Laboratoire O.D.S, fort d\u2019une expertise de plus de 15 ans, accompagne les plus grandes marques europ\u00e9ennes de la nutrition sportive, de la sant\u00e9 et des produits biologiques.","og_url":"https:\/\/laboratoire-ods.com\/index.php\/gamme-produits\/","og_site_name":"Laboratoire O.D.S","article_modified_time":"2025-09-30T08:16:53+00:00","og_image":[{"url":"https:\/\/laboratoire-ods.com\/wp-content\/uploads\/2025\/08\/Pictos-gammes-4-1024x307.png","type":"","width":"","height":""}],"twitter_card":"summary_large_image","twitter_misc":{"Dur\u00e9e de lecture estim\u00e9e":"1 minute"},"schema":{"@context":"https:\/\/schema.org","@graph":[{"@type":"WebPage","@id":"https:\/\/laboratoire-ods.com\/index.php\/gamme-produits\/","url":"https:\/\/laboratoire-ods.com\/index.php\/gamme-produits\/","name":"Gamme produits - Laboratoire O.D.S %","isPartOf":{"@id":"https:\/\/laboratoire-ods.com\/#website"},"primaryImageOfPage":{"@id":"https:\/\/laboratoire-ods.com\/index.php\/gamme-produits\/#primaryimage"},"image":{"@id":"https:\/\/laboratoire-ods.com\/index.php\/gamme-produits\/#primaryimage"},"thumbnailUrl":"https:\/\/laboratoire-ods.com\/wp-content\/uploads\/2025\/08\/Pictos-gammes-4-1024x307.png","datePublished":"2025-08-25T15:51:36+00:00","dateModified":"2025-09-30T08:16:53+00:00","description":"Le Laboratoire O.D.S, fort d\u2019une expertise de plus de 15 ans, accompagne les plus grandes marques europ\u00e9ennes de la nutrition sportive, de la sant\u00e9 et des produits biologiques.","breadcrumb":{"@id":"https:\/\/laboratoire-ods.com\/index.php\/gamme-produits\/#breadcrumb"},"inLanguage":"fr-FR","potentialAction":[{"@type":"ReadAction","target":["https:\/\/laboratoire-ods.com\/index.php\/gamme-produits\/"]}]},{"@type":"ImageObject","inLanguage":"fr-FR","@id":"https:\/\/laboratoire-ods.com\/index.php\/gamme-produits\/#primaryimage","url":"https:\/\/laboratoire-ods.com\/wp-content\/uploads\/2025\/08\/Pictos-gammes-4-scaled.png","contentUrl":"https:\/\/laboratoire-ods.com\/wp-content\/uploads\/2025\/08\/Pictos-gammes-4-scaled.png","width":2560,"height":768},{"@type":"BreadcrumbList","@id":"https:\/\/laboratoire-ods.com\/index.php\/gamme-produits\/#breadcrumb","itemListElement":[{"@type":"ListItem","position":1,"name":"Accueil","item":"https:\/\/laboratoire-ods.com\/"},{"@type":"ListItem","position":2,"name":"Gamme produits"}]},{"@type":"WebSite","@id":"https:\/\/laboratoire-ods.com\/#website","url":"https:\/\/laboratoire-ods.com\/","name":"Laboratoire ODS","description":"[Expert en produits nutritifs innovants - Fabrication en France . Bretagne]","publisher":{"@id":"https:\/\/laboratoire-ods.com\/#organization"},"alternateName":"labo dos","potentialAction":[{"@type":"SearchAction","target":{"@type":"EntryPoint","urlTemplate":"https:\/\/laboratoire-ods.com\/?s={search_term_string}"},"query-input":{"@type":"PropertyValueSpecification","valueRequired":true,"valueName":"search_term_string"}}],"inLanguage":"fr-FR"},{"@type":"Organization","@id":"https:\/\/laboratoire-ods.com\/#organization","name":"Laboratoire ODS","alternateName":"Laboratoire ODS Expert en produits nutritifs innovants","url":"https:\/\/laboratoire-ods.com\/","logo":{"@type":"ImageObject","inLanguage":"fr-FR","@id":"https:\/\/laboratoire-ods.com\/#\/schema\/logo\/image\/","url":"https:\/\/laboratoire-ods.com\/wp-content\/uploads\/2025\/09\/image001.jpg","contentUrl":"https:\/\/laboratoire-ods.com\/wp-content\/uploads\/2025\/09\/image001.jpg","width":600,"height":166,"caption":"Laboratoire ODS"},"image":{"@id":"https:\/\/laboratoire-ods.com\/#\/schema\/logo\/image\/"},"sameAs":["https:\/\/www.linkedin.com\/company\/laboratoire-ods\/"]}]}},"_links":{"self":[{"href":"https:\/\/laboratoire-ods.com\/index.php\/wp-json\/wp\/v2\/pages\/36","targetHints":{"allow":["GET"]}}],"collection":[{"href":"https:\/\/laboratoire-ods.com\/index.php\/wp-json\/wp\/v2\/pages"}],"about":[{"href":"https:\/\/laboratoire-ods.com\/index.php\/wp-json\/wp\/v2\/types\/page"}],"author":[{"embeddable":true,"href":"https:\/\/laboratoire-ods.com\/index.php\/wp-json\/wp\/v2\/users\/1"}],"replies":[{"embeddable":true,"href":"https:\/\/laboratoire-ods.com\/index.php\/wp-json\/wp\/v2\/comments?post=36"}],"version-history":[{"count":21,"href":"https:\/\/laboratoire-ods.com\/index.php\/wp-json\/wp\/v2\/pages\/36\/revisions"}],"predecessor-version":[{"id":625,"href":"https:\/\/laboratoire-ods.com\/index.php\/wp-json\/wp\/v2\/pages\/36\/revisions\/625"}],"wp:attachment":[{"href":"https:\/\/laboratoire-ods.com\/index.php\/wp-json\/wp\/v2\/media?parent=36"}],"curies":[{"name":"wp","href":"https:\/\/api.w.org\/{rel}","templated":true}]}}