{"id":341,"date":"2025-08-27T07:40:51","date_gmt":"2025-08-27T07:40:51","guid":{"rendered":"https:\/\/laboratoire-ods.com\/?page_id=341"},"modified":"2025-09-30T07:01:48","modified_gmt":"2025-09-30T07:01:48","slug":"editeur","status":"publish","type":"page","link":"https:\/\/laboratoire-ods.com\/index.php\/editeur\/","title":{"rendered":"Mentions l\u00e9gales"},"content":{"rendered":"\n<h2 class=\"wp-block-heading has-black-color has-text-color has-background has-link-color wp-elements-aa27f32c2816373752633c47ec515ba8\" style=\"background-color:#edecea;font-size:18px\"><br>Ce site est \u00e9dit\u00e9 par la soci\u00e9t\u00e9 Laboratoire O.D.S domicili\u00e9e \u00e0 l\u2019adresse suivante :<br>5 rue Bourseul<br>ZA Le Poteau Sud<br>56890 Saint-Av\u00e9 &#8211; FRANCE<br><br><strong>Directeur de publication : L. Pelerito<\/strong>, <br>repr\u00e9sentant la soci\u00e9t\u00e9 Laboratoire O.D.S, enregistr\u00e9e au Registre du Commerce aupr\u00e8s du Greffe de Vannes.<br><br>Entreprise situ\u00e9e au 5 rue Bourseul, ZA Le Poteau Sud, 56890 Saint-Av\u00e9 <br>N\u00b0SIRET : 489 571 596 00027 <br>N\u00b0RCS : Vannes\u00a0B\u00a0489\u00a0571\u00a0596 &#8211; Capital social : 50\u00a0000\u20ac<br>TVA : FR 67489571596<br><br><strong>Ce site a \u00e9t\u00e9 d\u00e9velopp\u00e9 par Delphine Pelerito EI &#8211; Hey ! Studio<\/strong><br>Entreprise individuelle<br>SIRET 51466064600068 APE 7410Z<br>N\u00b0 TVA FR 67514660646<br>54 Rue Nicolas Appert \u2013 44100 Nantes \u2013 FRANCE<br><br><strong>H\u00e9bergeur<\/strong><br>OVH<br>SAS au capital de 10 069 020 \u20ac<br>RCS Lille M\u00e9tropole 424 761 419 00045<br>Code APE 2620Z<br>N\u00b0 TVA : FR 22 424 761 419<br>Si\u00e8ge social : 2 rue Kellermann \u2013 59100 Roubaix \u2013 France<br><br>Cette cr\u00e9ation de site web en Loire Atlantique \u2013 44 a \u00e9t\u00e9 r\u00e9alis\u00e9e par l\u2019agence de conseil en communication :<br><a href=\"https:\/\/www.instagram.com\/helloheystudio\/\" target=\"_blank\" rel=\"noreferrer noopener\">Delphine Pelerito EI &#8211; Hey Studio<\/a><br>54 Rue Nicolas Appert<br>44100 Nantes \u2013 FRANCE<br><br><strong>Cr\u00e9dits photos :<\/strong><br>Le \u00ab\u00a0propri\u00e9taire du site\u00a0\u00bb<br>Delphine Pelerito EI &#8211; Hey ! Studio<\/h2>\n\n\n\n<h2 class=\"wp-block-heading has-black-color has-text-color has-background has-link-color wp-elements-bb635bccebfb6c3432e0e5406a862f1d\" style=\"background-color:#edecea;font-size:18px\"><strong>Propri\u00e9t\u00e9 intellectuelle<\/strong><br>L\u2019acc\u00e8s au site www.laboratoire-ods.com vous conf\u00e8re un droit d\u2019usage priv\u00e9 et non exclusif de ce site. Le pr\u00e9sent site et l\u2019ensemble des \u00e9l\u00e9ments qui y sont \u00e9dit\u00e9s incluant notamment les textes, photographies, illustrations, logos, marques, \u2026 sont la propri\u00e9t\u00e9 de www.laboratoire-ods.com au titre des l\u00e9gislations sur les droits d\u2019auteur et de la propri\u00e9t\u00e9 intellectuelle. Sauf autorisation expresse du Directeur de la publication, la modification, la reproduction, la repr\u00e9sentation et le t\u00e9l\u00e9chargement de tout ou partie de ce site, sur quelque support que ce soit, pour un usage autre que priv\u00e9, sont formellement interdits sous peine de poursuite.<br><br><strong>Donn\u00e9es personnelles<\/strong><br>Certaines donn\u00e9es personnelles (nom, adresse, e-mail, \u2026) vous concernant devront obligatoirement vous \u00eatre demand\u00e9es, afin de vous faire profiter des services propos\u00e9s par le site www.laboratoire-ods.com. Laboratoire O.D.S s\u2019engage \u00e0 respecter votre vie priv\u00e9e et \u00e0 prot\u00e9ger les informations que vous lui communiquez. Au cas pr\u00e9sent, les donn\u00e9es personnelles collect\u00e9es sur www.balarama.eu sont destin\u00e9es \u00e0 des fins de gestion et pour des op\u00e9rations de marketing direct initi\u00e9es par la soci\u00e9t\u00e9 Laboratoire O.D.S.<br><br><strong>Transmission de vos donn\u00e9es personnelles<\/strong><br>Les donn\u00e9es personnelles recueillies sur le site www.laboratoire-ods.com pourront \u00eatre communiqu\u00e9es aux autres entit\u00e9s de la soci\u00e9t\u00e9 Laboratoire O.D.S, ainsi qu\u2019\u00e0 des partenaires ext\u00e9rieurs dans le cadre exclusif de l\u2019exploitation du site www.laboratoire-ods.com.<br><br>Aucune autre communication \u00e0 des entreprises ext\u00e9rieures n\u2019est envisag\u00e9e \u00e0 l\u2019exception de celle permettant de satisfaire aux obligations l\u00e9gales et r\u00e9glementaires, ou \u00e0 la demande d\u2019une administration ou d\u2019une autorit\u00e9 judiciaire.<br><br><strong>Droit d\u2019acc\u00e8s et de rectification<\/strong><br>Conform\u00e9ment \u00e0 la Loi Informatique et Libert\u00e9s du 6 janvier 1978, vous disposez d\u2019un droit d\u2019acc\u00e8s, de rectification, de modification et de suppression concernant les donn\u00e9es personnelles que vous aurez transmises sur www.laboratoire-ods.com.<br><br>Ces mentions peuvent \u00eatre amen\u00e9es \u00e0 \u00e9voluer dans le temps. Nous vous invitons \u00e0 les consulter r\u00e9guli\u00e8rement.<br><\/h2>\n\n\n\n<h2 class=\"wp-block-heading has-black-color has-text-color has-background has-link-color wp-elements-003ea4227cac8e1fd3e0a28e88efb981\" style=\"background-color:#edecea;font-size:18px\"><strong>Contact technique<\/strong><br><a href=\"https:\/\/www.instagram.com\/helloheystudio\/\" target=\"_blank\" rel=\"noreferrer noopener\">Delphine Pelerito EI &#8211; Hey Studio<\/a><br>54 Rue Nicolas Appert<br>44100 Nantes \u2013 FRANCE<\/h2>\n","protected":false},"excerpt":{"rendered":"<p>Ce site est \u00e9dit\u00e9 par la soci\u00e9t\u00e9 Laboratoire O.D.S domicili\u00e9e \u00e0 l\u2019adresse suivante :5 rue BourseulZA Le Poteau Sud56890 Saint-Av\u00e9 &#8211; FRANCE Directeur de publication : L. Pelerito, repr\u00e9sentant la soci\u00e9t\u00e9 Laboratoire O.D.S, enregistr\u00e9e au Registre du Commerce aupr\u00e8s du Greffe de Vannes. Entreprise situ\u00e9e au 5 rue Bourseul, ZA Le Poteau Sud, 56890 Saint-Av\u00e9 &hellip; <\/p>\n<p class=\"link-more\"><a href=\"https:\/\/laboratoire-ods.com\/index.php\/editeur\/\" class=\"more-link\">Continuer la lecture<span class=\"screen-reader-text\"> de &laquo;&nbsp;Mentions l\u00e9gales&nbsp;&raquo;<\/span><\/a><\/p>\n","protected":false},"author":1,"featured_media":0,"parent":0,"menu_order":0,"comment_status":"closed","ping_status":"closed","template":"","meta":{"_themeisle_gutenberg_block_has_review":false,"footnotes":""},"class_list":["post-341","page","type-page","status-publish","hentry"],"yoast_head":"<!-- This site is optimized with the Yoast SEO plugin v26.6 - https:\/\/yoast.com\/wordpress\/plugins\/seo\/ -->\n<title>Expert en produits nutritifs innovants pour la sant\u00e9 - Laboratoire O.D.S %<\/title>\n<meta name=\"description\" content=\"Le Laboratoire O.D.S, fort d\u2019une expertise de plus de 15 ans, accompagne les plus grandes marques europ\u00e9ennes de la nutrition sportive, de la sant\u00e9 et des produits biologiques.\" \/>\n<meta name=\"robots\" content=\"index, follow, max-snippet:-1, max-image-preview:large, max-video-preview:-1\" \/>\n<link rel=\"canonical\" href=\"https:\/\/laboratoire-ods.com\/index.php\/editeur\/\" \/>\n<meta property=\"og:locale\" content=\"fr_FR\" \/>\n<meta property=\"og:type\" content=\"article\" \/>\n<meta property=\"og:title\" content=\"Expert en produits nutritifs innovants pour la sant\u00e9 - Laboratoire O.D.S %\" \/>\n<meta property=\"og:description\" content=\"Le Laboratoire O.D.S, fort d\u2019une expertise de plus de 15 ans, accompagne les plus grandes marques europ\u00e9ennes de la nutrition sportive, de la sant\u00e9 et des produits biologiques.\" \/>\n<meta property=\"og:url\" content=\"https:\/\/laboratoire-ods.com\/index.php\/editeur\/\" \/>\n<meta property=\"og:site_name\" content=\"Laboratoire O.D.S\" \/>\n<meta property=\"article:modified_time\" content=\"2025-09-30T07:01:48+00:00\" \/>\n<meta name=\"twitter:card\" content=\"summary_large_image\" \/>\n<meta name=\"twitter:label1\" content=\"Dur\u00e9e de lecture estim\u00e9e\" \/>\n\t<meta name=\"twitter:data1\" content=\"3 minutes\" \/>\n<script type=\"application\/ld+json\" class=\"yoast-schema-graph\">{\"@context\":\"https:\/\/schema.org\",\"@graph\":[{\"@type\":\"WebPage\",\"@id\":\"https:\/\/laboratoire-ods.com\/index.php\/editeur\/\",\"url\":\"https:\/\/laboratoire-ods.com\/index.php\/editeur\/\",\"name\":\"Expert en produits nutritifs innovants pour la sant\u00e9 - Laboratoire O.D.S %\",\"isPartOf\":{\"@id\":\"https:\/\/laboratoire-ods.com\/#website\"},\"datePublished\":\"2025-08-27T07:40:51+00:00\",\"dateModified\":\"2025-09-30T07:01:48+00:00\",\"description\":\"Le Laboratoire O.D.S, fort d\u2019une expertise de plus de 15 ans, accompagne les plus grandes marques europ\u00e9ennes de la nutrition sportive, de la sant\u00e9 et des produits biologiques.\",\"breadcrumb\":{\"@id\":\"https:\/\/laboratoire-ods.com\/index.php\/editeur\/#breadcrumb\"},\"inLanguage\":\"fr-FR\",\"potentialAction\":[{\"@type\":\"ReadAction\",\"target\":[\"https:\/\/laboratoire-ods.com\/index.php\/editeur\/\"]}]},{\"@type\":\"BreadcrumbList\",\"@id\":\"https:\/\/laboratoire-ods.com\/index.php\/editeur\/#breadcrumb\",\"itemListElement\":[{\"@type\":\"ListItem\",\"position\":1,\"name\":\"Accueil\",\"item\":\"https:\/\/laboratoire-ods.com\/\"},{\"@type\":\"ListItem\",\"position\":2,\"name\":\"Mentions l\u00e9gales\"}]},{\"@type\":\"WebSite\",\"@id\":\"https:\/\/laboratoire-ods.com\/#website\",\"url\":\"https:\/\/laboratoire-ods.com\/\",\"name\":\"Laboratoire ODS\",\"description\":\"[Expert en produits nutritifs innovants - Fabrication en France . Bretagne]\",\"publisher\":{\"@id\":\"https:\/\/laboratoire-ods.com\/#organization\"},\"alternateName\":\"labo dos\",\"potentialAction\":[{\"@type\":\"SearchAction\",\"target\":{\"@type\":\"EntryPoint\",\"urlTemplate\":\"https:\/\/laboratoire-ods.com\/?s={search_term_string}\"},\"query-input\":{\"@type\":\"PropertyValueSpecification\",\"valueRequired\":true,\"valueName\":\"search_term_string\"}}],\"inLanguage\":\"fr-FR\"},{\"@type\":\"Organization\",\"@id\":\"https:\/\/laboratoire-ods.com\/#organization\",\"name\":\"Laboratoire ODS\",\"alternateName\":\"Laboratoire ODS Expert en produits nutritifs innovants\",\"url\":\"https:\/\/laboratoire-ods.com\/\",\"logo\":{\"@type\":\"ImageObject\",\"inLanguage\":\"fr-FR\",\"@id\":\"https:\/\/laboratoire-ods.com\/#\/schema\/logo\/image\/\",\"url\":\"https:\/\/laboratoire-ods.com\/wp-content\/uploads\/2025\/09\/image001.jpg\",\"contentUrl\":\"https:\/\/laboratoire-ods.com\/wp-content\/uploads\/2025\/09\/image001.jpg\",\"width\":600,\"height\":166,\"caption\":\"Laboratoire ODS\"},\"image\":{\"@id\":\"https:\/\/laboratoire-ods.com\/#\/schema\/logo\/image\/\"},\"sameAs\":[\"https:\/\/www.linkedin.com\/company\/laboratoire-ods\/\"]}]}<\/script>\n<!-- \/ Yoast SEO plugin. -->","yoast_head_json":{"title":"Expert en produits nutritifs innovants pour la sant\u00e9 - Laboratoire O.D.S %","description":"Le Laboratoire O.D.S, fort d\u2019une expertise de plus de 15 ans, accompagne les plus grandes marques europ\u00e9ennes de la nutrition sportive, de la sant\u00e9 et des produits biologiques.","robots":{"index":"index","follow":"follow","max-snippet":"max-snippet:-1","max-image-preview":"max-image-preview:large","max-video-preview":"max-video-preview:-1"},"canonical":"https:\/\/laboratoire-ods.com\/index.php\/editeur\/","og_locale":"fr_FR","og_type":"article","og_title":"Expert en produits nutritifs innovants pour la sant\u00e9 - Laboratoire O.D.S %","og_description":"Le Laboratoire O.D.S, fort d\u2019une expertise de plus de 15 ans, accompagne les plus grandes marques europ\u00e9ennes de la nutrition sportive, de la sant\u00e9 et des produits biologiques.","og_url":"https:\/\/laboratoire-ods.com\/index.php\/editeur\/","og_site_name":"Laboratoire O.D.S","article_modified_time":"2025-09-30T07:01:48+00:00","twitter_card":"summary_large_image","twitter_misc":{"Dur\u00e9e de lecture estim\u00e9e":"3 minutes"},"schema":{"@context":"https:\/\/schema.org","@graph":[{"@type":"WebPage","@id":"https:\/\/laboratoire-ods.com\/index.php\/editeur\/","url":"https:\/\/laboratoire-ods.com\/index.php\/editeur\/","name":"Expert en produits nutritifs innovants pour la sant\u00e9 - Laboratoire O.D.S %","isPartOf":{"@id":"https:\/\/laboratoire-ods.com\/#website"},"datePublished":"2025-08-27T07:40:51+00:00","dateModified":"2025-09-30T07:01:48+00:00","description":"Le Laboratoire O.D.S, fort d\u2019une expertise de plus de 15 ans, accompagne les plus grandes marques europ\u00e9ennes de la nutrition sportive, de la sant\u00e9 et des produits biologiques.","breadcrumb":{"@id":"https:\/\/laboratoire-ods.com\/index.php\/editeur\/#breadcrumb"},"inLanguage":"fr-FR","potentialAction":[{"@type":"ReadAction","target":["https:\/\/laboratoire-ods.com\/index.php\/editeur\/"]}]},{"@type":"BreadcrumbList","@id":"https:\/\/laboratoire-ods.com\/index.php\/editeur\/#breadcrumb","itemListElement":[{"@type":"ListItem","position":1,"name":"Accueil","item":"https:\/\/laboratoire-ods.com\/"},{"@type":"ListItem","position":2,"name":"Mentions l\u00e9gales"}]},{"@type":"WebSite","@id":"https:\/\/laboratoire-ods.com\/#website","url":"https:\/\/laboratoire-ods.com\/","name":"Laboratoire ODS","description":"[Expert en produits nutritifs innovants - Fabrication en France . Bretagne]","publisher":{"@id":"https:\/\/laboratoire-ods.com\/#organization"},"alternateName":"labo dos","potentialAction":[{"@type":"SearchAction","target":{"@type":"EntryPoint","urlTemplate":"https:\/\/laboratoire-ods.com\/?s={search_term_string}"},"query-input":{"@type":"PropertyValueSpecification","valueRequired":true,"valueName":"search_term_string"}}],"inLanguage":"fr-FR"},{"@type":"Organization","@id":"https:\/\/laboratoire-ods.com\/#organization","name":"Laboratoire ODS","alternateName":"Laboratoire ODS Expert en produits nutritifs innovants","url":"https:\/\/laboratoire-ods.com\/","logo":{"@type":"ImageObject","inLanguage":"fr-FR","@id":"https:\/\/laboratoire-ods.com\/#\/schema\/logo\/image\/","url":"https:\/\/laboratoire-ods.com\/wp-content\/uploads\/2025\/09\/image001.jpg","contentUrl":"https:\/\/laboratoire-ods.com\/wp-content\/uploads\/2025\/09\/image001.jpg","width":600,"height":166,"caption":"Laboratoire ODS"},"image":{"@id":"https:\/\/laboratoire-ods.com\/#\/schema\/logo\/image\/"},"sameAs":["https:\/\/www.linkedin.com\/company\/laboratoire-ods\/"]}]}},"_links":{"self":[{"href":"https:\/\/laboratoire-ods.com\/index.php\/wp-json\/wp\/v2\/pages\/341","targetHints":{"allow":["GET"]}}],"collection":[{"href":"https:\/\/laboratoire-ods.com\/index.php\/wp-json\/wp\/v2\/pages"}],"about":[{"href":"https:\/\/laboratoire-ods.com\/index.php\/wp-json\/wp\/v2\/types\/page"}],"author":[{"embeddable":true,"href":"https:\/\/laboratoire-ods.com\/index.php\/wp-json\/wp\/v2\/users\/1"}],"replies":[{"embeddable":true,"href":"https:\/\/laboratoire-ods.com\/index.php\/wp-json\/wp\/v2\/comments?post=341"}],"version-history":[{"count":13,"href":"https:\/\/laboratoire-ods.com\/index.php\/wp-json\/wp\/v2\/pages\/341\/revisions"}],"predecessor-version":[{"id":541,"href":"https:\/\/laboratoire-ods.com\/index.php\/wp-json\/wp\/v2\/pages\/341\/revisions\/541"}],"wp:attachment":[{"href":"https:\/\/laboratoire-ods.com\/index.php\/wp-json\/wp\/v2\/media?parent=341"}],"curies":[{"name":"wp","href":"https:\/\/api.w.org\/{rel}","templated":true}]}}