{"id":329,"date":"2025-08-27T06:32:32","date_gmt":"2025-08-27T06:32:32","guid":{"rendered":"https:\/\/laboratoire-ods.com\/?page_id=329"},"modified":"2025-09-30T08:15:24","modified_gmt":"2025-09-30T08:15:24","slug":"notre-equipe","status":"publish","type":"page","link":"https:\/\/laboratoire-ods.com\/index.php\/notre-equipe\/","title":{"rendered":"Notre \u00e9quipe"},"content":{"rendered":"\n<p class=\"has-medium-font-size\">Les comp\u00e9tences et connaissances de nos collaborateurs, permettent au Laboratoire O.D.S d\u2019\u00eatre une entreprise de confiance, agile et efficace.<\/p>\n\n\n\n<p class=\"animated slideInLeft has-medium-font-size\">Notre \u00e9quipe, disponible et r\u00e9active, est \u00e0 votre \u00e9coute pour vous assurer une satisfaction optimale et durable. <\/p>\n\n\n\n<p class=\"animated slideInLeft has-medium-font-size\">Situ\u00e9e en Bretagne, notre soci\u00e9t\u00e9 familiale de 10 salari\u00e9s est fi\u00e8re d&rsquo;accompagner ses clients locaux, nationaux et internationaux et de participer activement au d\u00e9veloppement de leurs projets. <\/p>\n\n\n\n<figure class=\"wp-block-image size-large animated fadeInDownBig\"><img loading=\"lazy\" decoding=\"async\" width=\"1024\" height=\"768\" src=\"http:\/\/laboratoire-ods.com\/wp-content\/uploads\/2025\/09\/EQUIPE-2-1024x768.jpg\" alt=\"\" class=\"wp-image-643\" srcset=\"https:\/\/laboratoire-ods.com\/wp-content\/uploads\/2025\/09\/EQUIPE-2-1024x768.jpg 1024w, https:\/\/laboratoire-ods.com\/wp-content\/uploads\/2025\/09\/EQUIPE-2-300x225.jpg 300w, https:\/\/laboratoire-ods.com\/wp-content\/uploads\/2025\/09\/EQUIPE-2-768x576.jpg 768w, https:\/\/laboratoire-ods.com\/wp-content\/uploads\/2025\/09\/EQUIPE-2-1536x1152.jpg 1536w, https:\/\/laboratoire-ods.com\/wp-content\/uploads\/2025\/09\/EQUIPE-2-2048x1536.jpg 2048w\" sizes=\"auto, (max-width: 706px) 89vw, (max-width: 767px) 82vw, 740px\" \/><\/figure>\n\n\n\n<figure class=\"wp-block-image size-large animated slideInLeft\"><img loading=\"lazy\" decoding=\"async\" width=\"1024\" height=\"683\" src=\"https:\/\/laboratoire-ods.com\/wp-content\/uploads\/2025\/08\/Atelier-Poudres-1024x683.jpg\" alt=\"\" class=\"wp-image-578\" srcset=\"https:\/\/laboratoire-ods.com\/wp-content\/uploads\/2025\/08\/Atelier-Poudres-1024x683.jpg 1024w, https:\/\/laboratoire-ods.com\/wp-content\/uploads\/2025\/08\/Atelier-Poudres-300x200.jpg 300w, https:\/\/laboratoire-ods.com\/wp-content\/uploads\/2025\/08\/Atelier-Poudres-768x512.jpg 768w, https:\/\/laboratoire-ods.com\/wp-content\/uploads\/2025\/08\/Atelier-Poudres-1536x1024.jpg 1536w, https:\/\/laboratoire-ods.com\/wp-content\/uploads\/2025\/08\/Atelier-Poudres-2048x1365.jpg 2048w\" sizes=\"auto, (max-width: 706px) 89vw, (max-width: 767px) 82vw, 740px\" \/><\/figure>\n\n\n<div class=\"wp-block-image animated slideInRight\">\n<figure class=\"aligncenter size-large\"><img loading=\"lazy\" decoding=\"async\" width=\"772\" height=\"1024\" src=\"http:\/\/laboratoire-ods.com\/wp-content\/uploads\/2025\/08\/Fenwick-772x1024.jpg\" alt=\"\" class=\"wp-image-571\" srcset=\"https:\/\/laboratoire-ods.com\/wp-content\/uploads\/2025\/08\/Fenwick-772x1024.jpg 772w, https:\/\/laboratoire-ods.com\/wp-content\/uploads\/2025\/08\/Fenwick-226x300.jpg 226w, https:\/\/laboratoire-ods.com\/wp-content\/uploads\/2025\/08\/Fenwick-768x1019.jpg 768w, https:\/\/laboratoire-ods.com\/wp-content\/uploads\/2025\/08\/Fenwick-1157x1536.jpg 1157w, https:\/\/laboratoire-ods.com\/wp-content\/uploads\/2025\/08\/Fenwick-1543x2048.jpg 1543w, https:\/\/laboratoire-ods.com\/wp-content\/uploads\/2025\/08\/Fenwick-scaled.jpg 1929w\" sizes=\"auto, (max-width: 706px) 89vw, (max-width: 767px) 82vw, 740px\" \/><\/figure>\n<\/div>\n\n\n<figure class=\"wp-block-image size-large animated slideInUp\"><img loading=\"lazy\" decoding=\"async\" width=\"1024\" height=\"768\" src=\"https:\/\/laboratoire-ods.com\/wp-content\/uploads\/2025\/08\/Atelier-Comprimes-1024x768.jpg\" alt=\"\" class=\"wp-image-583\" srcset=\"https:\/\/laboratoire-ods.com\/wp-content\/uploads\/2025\/08\/Atelier-Comprimes-1024x768.jpg 1024w, https:\/\/laboratoire-ods.com\/wp-content\/uploads\/2025\/08\/Atelier-Comprimes-300x225.jpg 300w, https:\/\/laboratoire-ods.com\/wp-content\/uploads\/2025\/08\/Atelier-Comprimes-768x576.jpg 768w, https:\/\/laboratoire-ods.com\/wp-content\/uploads\/2025\/08\/Atelier-Comprimes-1536x1152.jpg 1536w, https:\/\/laboratoire-ods.com\/wp-content\/uploads\/2025\/08\/Atelier-Comprimes-2048x1536.jpg 2048w\" sizes=\"auto, (max-width: 706px) 89vw, (max-width: 767px) 82vw, 740px\" \/><\/figure>\n","protected":false},"excerpt":{"rendered":"<p>Les comp\u00e9tences et connaissances de nos collaborateurs, permettent au Laboratoire O.D.S d\u2019\u00eatre une entreprise de confiance, agile et efficace. Notre \u00e9quipe, disponible et r\u00e9active, est \u00e0 votre \u00e9coute pour vous assurer une satisfaction optimale et durable. Situ\u00e9e en Bretagne, notre soci\u00e9t\u00e9 familiale de 10 salari\u00e9s est fi\u00e8re d&rsquo;accompagner ses clients locaux, nationaux et internationaux et &hellip; <\/p>\n<p class=\"link-more\"><a href=\"https:\/\/laboratoire-ods.com\/index.php\/notre-equipe\/\" class=\"more-link\">Continuer la lecture<span class=\"screen-reader-text\"> de &laquo;&nbsp;Notre \u00e9quipe&nbsp;&raquo;<\/span><\/a><\/p>\n","protected":false},"author":1,"featured_media":0,"parent":0,"menu_order":0,"comment_status":"closed","ping_status":"closed","template":"","meta":{"_themeisle_gutenberg_block_has_review":false,"footnotes":""},"class_list":["post-329","page","type-page","status-publish","hentry"],"yoast_head":"<!-- This site is optimized with the Yoast SEO plugin v26.6 - https:\/\/yoast.com\/wordpress\/plugins\/seo\/ -->\n<title>Notre \u00e9quipe - Laboratoire O.D.S %<\/title>\n<meta name=\"description\" content=\"Le Laboratoire O.D.S, fort d\u2019une expertise de plus de 15 ans, accompagne les plus grandes marques europ\u00e9ennes de la nutrition sportive, de la sant\u00e9 et des produits biologiques.\" \/>\n<meta name=\"robots\" content=\"index, follow, max-snippet:-1, max-image-preview:large, max-video-preview:-1\" \/>\n<link rel=\"canonical\" href=\"https:\/\/laboratoire-ods.com\/index.php\/notre-equipe\/\" \/>\n<meta property=\"og:locale\" content=\"fr_FR\" \/>\n<meta property=\"og:type\" content=\"article\" \/>\n<meta property=\"og:title\" content=\"Notre \u00e9quipe - Laboratoire O.D.S %\" \/>\n<meta property=\"og:description\" content=\"Le Laboratoire O.D.S, fort d\u2019une expertise de plus de 15 ans, accompagne les plus grandes marques europ\u00e9ennes de la nutrition sportive, de la sant\u00e9 et des produits biologiques.\" \/>\n<meta property=\"og:url\" content=\"https:\/\/laboratoire-ods.com\/index.php\/notre-equipe\/\" \/>\n<meta property=\"og:site_name\" content=\"Laboratoire O.D.S\" \/>\n<meta property=\"article:modified_time\" content=\"2025-09-30T08:15:24+00:00\" \/>\n<meta property=\"og:image\" content=\"http:\/\/laboratoire-ods.com\/wp-content\/uploads\/2025\/09\/EQUIPE-2-1024x768.jpg\" \/>\n<meta name=\"twitter:card\" content=\"summary_large_image\" \/>\n<meta name=\"twitter:label1\" content=\"Dur\u00e9e de lecture estim\u00e9e\" \/>\n\t<meta name=\"twitter:data1\" content=\"2 minutes\" \/>\n<script type=\"application\/ld+json\" class=\"yoast-schema-graph\">{\"@context\":\"https:\/\/schema.org\",\"@graph\":[{\"@type\":\"WebPage\",\"@id\":\"https:\/\/laboratoire-ods.com\/index.php\/notre-equipe\/\",\"url\":\"https:\/\/laboratoire-ods.com\/index.php\/notre-equipe\/\",\"name\":\"Notre \u00e9quipe - Laboratoire O.D.S %\",\"isPartOf\":{\"@id\":\"https:\/\/laboratoire-ods.com\/#website\"},\"primaryImageOfPage\":{\"@id\":\"https:\/\/laboratoire-ods.com\/index.php\/notre-equipe\/#primaryimage\"},\"image\":{\"@id\":\"https:\/\/laboratoire-ods.com\/index.php\/notre-equipe\/#primaryimage\"},\"thumbnailUrl\":\"http:\/\/laboratoire-ods.com\/wp-content\/uploads\/2025\/09\/EQUIPE-2-1024x768.jpg\",\"datePublished\":\"2025-08-27T06:32:32+00:00\",\"dateModified\":\"2025-09-30T08:15:24+00:00\",\"description\":\"Le Laboratoire O.D.S, fort d\u2019une expertise de plus de 15 ans, accompagne les plus grandes marques europ\u00e9ennes de la nutrition sportive, de la sant\u00e9 et des produits biologiques.\",\"breadcrumb\":{\"@id\":\"https:\/\/laboratoire-ods.com\/index.php\/notre-equipe\/#breadcrumb\"},\"inLanguage\":\"fr-FR\",\"potentialAction\":[{\"@type\":\"ReadAction\",\"target\":[\"https:\/\/laboratoire-ods.com\/index.php\/notre-equipe\/\"]}]},{\"@type\":\"ImageObject\",\"inLanguage\":\"fr-FR\",\"@id\":\"https:\/\/laboratoire-ods.com\/index.php\/notre-equipe\/#primaryimage\",\"url\":\"https:\/\/laboratoire-ods.com\/wp-content\/uploads\/2025\/09\/EQUIPE-2-scaled.jpg\",\"contentUrl\":\"https:\/\/laboratoire-ods.com\/wp-content\/uploads\/2025\/09\/EQUIPE-2-scaled.jpg\",\"width\":2560,\"height\":1920},{\"@type\":\"BreadcrumbList\",\"@id\":\"https:\/\/laboratoire-ods.com\/index.php\/notre-equipe\/#breadcrumb\",\"itemListElement\":[{\"@type\":\"ListItem\",\"position\":1,\"name\":\"Accueil\",\"item\":\"https:\/\/laboratoire-ods.com\/\"},{\"@type\":\"ListItem\",\"position\":2,\"name\":\"Notre \u00e9quipe\"}]},{\"@type\":\"WebSite\",\"@id\":\"https:\/\/laboratoire-ods.com\/#website\",\"url\":\"https:\/\/laboratoire-ods.com\/\",\"name\":\"Laboratoire ODS\",\"description\":\"[Expert en produits nutritifs innovants - Fabrication en France . Bretagne]\",\"publisher\":{\"@id\":\"https:\/\/laboratoire-ods.com\/#organization\"},\"alternateName\":\"labo dos\",\"potentialAction\":[{\"@type\":\"SearchAction\",\"target\":{\"@type\":\"EntryPoint\",\"urlTemplate\":\"https:\/\/laboratoire-ods.com\/?s={search_term_string}\"},\"query-input\":{\"@type\":\"PropertyValueSpecification\",\"valueRequired\":true,\"valueName\":\"search_term_string\"}}],\"inLanguage\":\"fr-FR\"},{\"@type\":\"Organization\",\"@id\":\"https:\/\/laboratoire-ods.com\/#organization\",\"name\":\"Laboratoire ODS\",\"alternateName\":\"Laboratoire ODS Expert en produits nutritifs innovants\",\"url\":\"https:\/\/laboratoire-ods.com\/\",\"logo\":{\"@type\":\"ImageObject\",\"inLanguage\":\"fr-FR\",\"@id\":\"https:\/\/laboratoire-ods.com\/#\/schema\/logo\/image\/\",\"url\":\"https:\/\/laboratoire-ods.com\/wp-content\/uploads\/2025\/09\/image001.jpg\",\"contentUrl\":\"https:\/\/laboratoire-ods.com\/wp-content\/uploads\/2025\/09\/image001.jpg\",\"width\":600,\"height\":166,\"caption\":\"Laboratoire ODS\"},\"image\":{\"@id\":\"https:\/\/laboratoire-ods.com\/#\/schema\/logo\/image\/\"},\"sameAs\":[\"https:\/\/www.linkedin.com\/company\/laboratoire-ods\/\"]}]}<\/script>\n<!-- \/ Yoast SEO plugin. -->","yoast_head_json":{"title":"Notre \u00e9quipe - Laboratoire O.D.S %","description":"Le Laboratoire O.D.S, fort d\u2019une expertise de plus de 15 ans, accompagne les plus grandes marques europ\u00e9ennes de la nutrition sportive, de la sant\u00e9 et des produits biologiques.","robots":{"index":"index","follow":"follow","max-snippet":"max-snippet:-1","max-image-preview":"max-image-preview:large","max-video-preview":"max-video-preview:-1"},"canonical":"https:\/\/laboratoire-ods.com\/index.php\/notre-equipe\/","og_locale":"fr_FR","og_type":"article","og_title":"Notre \u00e9quipe - Laboratoire O.D.S %","og_description":"Le Laboratoire O.D.S, fort d\u2019une expertise de plus de 15 ans, accompagne les plus grandes marques europ\u00e9ennes de la nutrition sportive, de la sant\u00e9 et des produits biologiques.","og_url":"https:\/\/laboratoire-ods.com\/index.php\/notre-equipe\/","og_site_name":"Laboratoire O.D.S","article_modified_time":"2025-09-30T08:15:24+00:00","og_image":[{"url":"http:\/\/laboratoire-ods.com\/wp-content\/uploads\/2025\/09\/EQUIPE-2-1024x768.jpg","type":"","width":"","height":""}],"twitter_card":"summary_large_image","twitter_misc":{"Dur\u00e9e de lecture estim\u00e9e":"2 minutes"},"schema":{"@context":"https:\/\/schema.org","@graph":[{"@type":"WebPage","@id":"https:\/\/laboratoire-ods.com\/index.php\/notre-equipe\/","url":"https:\/\/laboratoire-ods.com\/index.php\/notre-equipe\/","name":"Notre \u00e9quipe - Laboratoire O.D.S %","isPartOf":{"@id":"https:\/\/laboratoire-ods.com\/#website"},"primaryImageOfPage":{"@id":"https:\/\/laboratoire-ods.com\/index.php\/notre-equipe\/#primaryimage"},"image":{"@id":"https:\/\/laboratoire-ods.com\/index.php\/notre-equipe\/#primaryimage"},"thumbnailUrl":"http:\/\/laboratoire-ods.com\/wp-content\/uploads\/2025\/09\/EQUIPE-2-1024x768.jpg","datePublished":"2025-08-27T06:32:32+00:00","dateModified":"2025-09-30T08:15:24+00:00","description":"Le Laboratoire O.D.S, fort d\u2019une expertise de plus de 15 ans, accompagne les plus grandes marques europ\u00e9ennes de la nutrition sportive, de la sant\u00e9 et des produits biologiques.","breadcrumb":{"@id":"https:\/\/laboratoire-ods.com\/index.php\/notre-equipe\/#breadcrumb"},"inLanguage":"fr-FR","potentialAction":[{"@type":"ReadAction","target":["https:\/\/laboratoire-ods.com\/index.php\/notre-equipe\/"]}]},{"@type":"ImageObject","inLanguage":"fr-FR","@id":"https:\/\/laboratoire-ods.com\/index.php\/notre-equipe\/#primaryimage","url":"https:\/\/laboratoire-ods.com\/wp-content\/uploads\/2025\/09\/EQUIPE-2-scaled.jpg","contentUrl":"https:\/\/laboratoire-ods.com\/wp-content\/uploads\/2025\/09\/EQUIPE-2-scaled.jpg","width":2560,"height":1920},{"@type":"BreadcrumbList","@id":"https:\/\/laboratoire-ods.com\/index.php\/notre-equipe\/#breadcrumb","itemListElement":[{"@type":"ListItem","position":1,"name":"Accueil","item":"https:\/\/laboratoire-ods.com\/"},{"@type":"ListItem","position":2,"name":"Notre \u00e9quipe"}]},{"@type":"WebSite","@id":"https:\/\/laboratoire-ods.com\/#website","url":"https:\/\/laboratoire-ods.com\/","name":"Laboratoire ODS","description":"[Expert en produits nutritifs innovants - Fabrication en France . Bretagne]","publisher":{"@id":"https:\/\/laboratoire-ods.com\/#organization"},"alternateName":"labo dos","potentialAction":[{"@type":"SearchAction","target":{"@type":"EntryPoint","urlTemplate":"https:\/\/laboratoire-ods.com\/?s={search_term_string}"},"query-input":{"@type":"PropertyValueSpecification","valueRequired":true,"valueName":"search_term_string"}}],"inLanguage":"fr-FR"},{"@type":"Organization","@id":"https:\/\/laboratoire-ods.com\/#organization","name":"Laboratoire ODS","alternateName":"Laboratoire ODS Expert en produits nutritifs innovants","url":"https:\/\/laboratoire-ods.com\/","logo":{"@type":"ImageObject","inLanguage":"fr-FR","@id":"https:\/\/laboratoire-ods.com\/#\/schema\/logo\/image\/","url":"https:\/\/laboratoire-ods.com\/wp-content\/uploads\/2025\/09\/image001.jpg","contentUrl":"https:\/\/laboratoire-ods.com\/wp-content\/uploads\/2025\/09\/image001.jpg","width":600,"height":166,"caption":"Laboratoire ODS"},"image":{"@id":"https:\/\/laboratoire-ods.com\/#\/schema\/logo\/image\/"},"sameAs":["https:\/\/www.linkedin.com\/company\/laboratoire-ods\/"]}]}},"_links":{"self":[{"href":"https:\/\/laboratoire-ods.com\/index.php\/wp-json\/wp\/v2\/pages\/329","targetHints":{"allow":["GET"]}}],"collection":[{"href":"https:\/\/laboratoire-ods.com\/index.php\/wp-json\/wp\/v2\/pages"}],"about":[{"href":"https:\/\/laboratoire-ods.com\/index.php\/wp-json\/wp\/v2\/types\/page"}],"author":[{"embeddable":true,"href":"https:\/\/laboratoire-ods.com\/index.php\/wp-json\/wp\/v2\/users\/1"}],"replies":[{"embeddable":true,"href":"https:\/\/laboratoire-ods.com\/index.php\/wp-json\/wp\/v2\/comments?post=329"}],"version-history":[{"count":33,"href":"https:\/\/laboratoire-ods.com\/index.php\/wp-json\/wp\/v2\/pages\/329\/revisions"}],"predecessor-version":[{"id":645,"href":"https:\/\/laboratoire-ods.com\/index.php\/wp-json\/wp\/v2\/pages\/329\/revisions\/645"}],"wp:attachment":[{"href":"https:\/\/laboratoire-ods.com\/index.php\/wp-json\/wp\/v2\/media?parent=329"}],"curies":[{"name":"wp","href":"https:\/\/api.w.org\/{rel}","templated":true}]}}