{"id":31,"date":"2025-08-25T15:25:31","date_gmt":"2025-08-25T15:25:31","guid":{"rendered":"https:\/\/laboratoire-ods.com\/?page_id=31"},"modified":"2025-10-30T14:56:51","modified_gmt":"2025-10-30T14:56:51","slug":"1-savoir-faire","status":"publish","type":"page","link":"https:\/\/laboratoire-ods.com\/","title":{"rendered":"Savoir-faire"},"content":{"rendered":"\n<p class=\"has-medium-font-size\">Le Laboratoire O.D.S, fort d\u2019une expertise de plus de 15 ans, accompagne les plus grandes marques europ\u00e9ennes de la nutrition sportive, de la sant\u00e9 et des produits biologiques.<\/p>\n\n\n\n<ul class=\"wp-block-list\">\n<li class=\"has-medium-font-size\">Un projet ma\u00eetris\u00e9 de A \u00e0 Z.<\/li>\n\n\n\n<li class=\"has-medium-font-size\">Le d\u00e9veloppement de vos propres formules en fonction de vos sp\u00e9cifications.<\/li>\n\n\n\n<li class=\"has-medium-font-size\">Des experts d\u00e9di\u00e9s \u00e0 chaque \u00e9tape de votre projet.<\/li>\n\n\n\n<li class=\"has-medium-font-size\">Une exp\u00e9rience reconnue pour la formulation de gammes BIO, sans gluten, sans lactose, vegan.<\/li>\n\n\n\n<li class=\"has-medium-font-size\">La garantie de la qualit\u00e9.<\/li>\n\n\n\n<li class=\"has-medium-font-size\">Souplesse en termes de production : de la petite \u00e0 la grande s\u00e9rie.<\/li>\n\n\n\n<li class=\"has-medium-font-size\">Large choix de packagings personnalisables avec votre identit\u00e9.<\/li>\n<\/ul>\n\n\n\n<details class=\"wp-block-details has-medium-font-size is-layout-flow wp-block-details-is-layout-flow\"><summary>Lire la suite<\/summary>\n<p><\/p>\n\n\n\n<p class=\"has-medium-font-size\"><strong>Notre outil industriel<\/strong><br>Pour r\u00e9pondre \u00e0 vos besoins, nous poss\u00e9dons 3 unit\u00e9s de fabrication et de conditionnement pour : les pr\u00e9parations en poudre, les gels \u00e9nerg\u00e9tiques et les comprim\u00e9s.<br>Flexibles et performantes, elles s\u2019adaptent \u00e0 la forme de votre produit et \u00e0 vos volumes de fabrication.<br>Notre \u00e9quipe veille au respect de vos exigences, de l\u2019approvisionnement des mati\u00e8res premi\u00e8res \u00e0 la livraison de vos produits.<\/p>\n\n\n\n<figure class=\"wp-block-image size-large\"><img loading=\"lazy\" decoding=\"async\" width=\"1024\" height=\"256\" src=\"http:\/\/laboratoire-ods.com\/wp-content\/uploads\/2025\/08\/Pictos-preparations-1024x256.png\" alt=\"\" class=\"wp-image-210\" srcset=\"https:\/\/laboratoire-ods.com\/wp-content\/uploads\/2025\/08\/Pictos-preparations-1024x256.png 1024w, https:\/\/laboratoire-ods.com\/wp-content\/uploads\/2025\/08\/Pictos-preparations-300x75.png 300w, https:\/\/laboratoire-ods.com\/wp-content\/uploads\/2025\/08\/Pictos-preparations-768x192.png 768w, https:\/\/laboratoire-ods.com\/wp-content\/uploads\/2025\/08\/Pictos-preparations-1536x384.png 1536w, https:\/\/laboratoire-ods.com\/wp-content\/uploads\/2025\/08\/Pictos-preparations-2048x512.png 2048w\" sizes=\"auto, (max-width: 706px) 89vw, (max-width: 767px) 82vw, 740px\" \/><\/figure>\n\n\n\n<p class=\"has-medium-font-size\"><strong>Notre \u00e9quipe<\/strong><br>Les comp\u00e9tences et connaissances de nos collaborateurs, permettent au Laboratoire O.D.S d\u2019\u00eatre une entreprise de confiance, agile et efficace. Notre entreprise familiale de 10 salari\u00e9s, disponible et r\u00e9active, est \u00e0 votre \u00e9coute pour vous assurer une satisfaction optimale et durable.<\/p>\n\n\n\n<figure class=\"wp-block-image size-large\"><img loading=\"lazy\" decoding=\"async\" width=\"1024\" height=\"768\" src=\"http:\/\/laboratoire-ods.com\/wp-content\/uploads\/2025\/08\/EQUIPE-1024x768.jpg\" alt=\"\" class=\"wp-image-404\" srcset=\"https:\/\/laboratoire-ods.com\/wp-content\/uploads\/2025\/08\/EQUIPE-1024x768.jpg 1024w, https:\/\/laboratoire-ods.com\/wp-content\/uploads\/2025\/08\/EQUIPE-300x225.jpg 300w, https:\/\/laboratoire-ods.com\/wp-content\/uploads\/2025\/08\/EQUIPE-768x576.jpg 768w, https:\/\/laboratoire-ods.com\/wp-content\/uploads\/2025\/08\/EQUIPE-1536x1152.jpg 1536w, https:\/\/laboratoire-ods.com\/wp-content\/uploads\/2025\/08\/EQUIPE-2048x1536.jpg 2048w\" sizes=\"auto, (max-width: 706px) 89vw, (max-width: 767px) 82vw, 740px\" \/><\/figure>\n\n\n\n<p class=\"has-medium-font-size\"><strong>Conseils packaging<\/strong><br><strong>\u2022<\/strong> \u00c9tude et optimisation de la dur\u00e9e de conservation (\u00e9tudes de vieillissement) et <br><strong>\u2022<\/strong> Choix du conditionnement le plus adapt\u00e9 : Doypacks &#8211; Sachets &#8211; Piluliers &#8211; Bo\u00eetes &#8211; Pots.Avec l\u2019aide de nos partenaires en design graphique et marketing, nous vous conseillons pour personnaliser votre emballage \u00e0 votre image et d\u00e9velopper votre communication.<\/p>\n\n\n\n<figure class=\"wp-block-image size-large\"><img loading=\"lazy\" decoding=\"async\" width=\"1024\" height=\"256\" src=\"https:\/\/laboratoire-ods.com\/wp-content\/uploads\/2025\/08\/Pictos-packs-1-1024x256.png\" alt=\"\" class=\"wp-image-266\" srcset=\"https:\/\/laboratoire-ods.com\/wp-content\/uploads\/2025\/08\/Pictos-packs-1-1024x256.png 1024w, https:\/\/laboratoire-ods.com\/wp-content\/uploads\/2025\/08\/Pictos-packs-1-300x75.png 300w, https:\/\/laboratoire-ods.com\/wp-content\/uploads\/2025\/08\/Pictos-packs-1-768x192.png 768w, https:\/\/laboratoire-ods.com\/wp-content\/uploads\/2025\/08\/Pictos-packs-1-1536x384.png 1536w, https:\/\/laboratoire-ods.com\/wp-content\/uploads\/2025\/08\/Pictos-packs-1-2048x512.png 2048w\" sizes=\"auto, (max-width: 706px) 89vw, (max-width: 767px) 82vw, 740px\" \/><\/figure>\n\n\n\n<p><\/p>\n<\/details>\n\n\n\n<p><\/p>\n","protected":false},"excerpt":{"rendered":"<p>Le Laboratoire O.D.S, fort d\u2019une expertise de plus de 15 ans, accompagne les plus grandes marques europ\u00e9ennes de la nutrition sportive, de la sant\u00e9 et des produits biologiques.<\/p>\n","protected":false},"author":1,"featured_media":79,"parent":0,"menu_order":0,"comment_status":"closed","ping_status":"closed","template":"","meta":{"_themeisle_gutenberg_block_has_review":false,"footnotes":""},"class_list":["post-31","page","type-page","status-publish","has-post-thumbnail","hentry"],"yoast_head":"<!-- This site is optimized with the Yoast SEO plugin v26.6 - https:\/\/yoast.com\/wordpress\/plugins\/seo\/ -->\n<title>Savoir-faire - Laboratoire O.D.S %<\/title>\n<meta name=\"description\" content=\"Le Laboratoire O.D.S, fort d\u2019une expertise de plus de 15 ans, accompagne les plus grandes marques europ\u00e9ennes de la nutrition sportive, de la sant\u00e9 et des produits biologiques.\" \/>\n<meta name=\"robots\" content=\"index, follow, max-snippet:-1, max-image-preview:large, max-video-preview:-1\" \/>\n<link rel=\"canonical\" href=\"https:\/\/laboratoire-ods.com\/\" \/>\n<meta property=\"og:locale\" content=\"fr_FR\" \/>\n<meta property=\"og:type\" content=\"article\" \/>\n<meta property=\"og:title\" content=\"Savoir-faire - Laboratoire O.D.S %\" \/>\n<meta property=\"og:description\" content=\"Le Laboratoire O.D.S, fort d\u2019une expertise de plus de 15 ans, accompagne les plus grandes marques europ\u00e9ennes de la nutrition sportive, de la sant\u00e9 et des produits biologiques.\" \/>\n<meta property=\"og:url\" content=\"https:\/\/laboratoire-ods.com\/\" \/>\n<meta property=\"og:site_name\" content=\"Laboratoire O.D.S\" \/>\n<meta property=\"article:modified_time\" content=\"2025-10-30T14:56:51+00:00\" \/>\n<meta property=\"og:image\" content=\"http:\/\/laboratoire-ods.com\/wp-content\/uploads\/2025\/08\/3SO_5312-scaled.jpg\" \/>\n\t<meta property=\"og:image:width\" content=\"2560\" \/>\n\t<meta property=\"og:image:height\" content=\"1707\" \/>\n\t<meta property=\"og:image:type\" content=\"image\/jpeg\" \/>\n<meta name=\"twitter:card\" content=\"summary_large_image\" \/>\n<meta name=\"twitter:label1\" content=\"Dur\u00e9e de lecture estim\u00e9e\" \/>\n\t<meta name=\"twitter:data1\" content=\"3 minutes\" \/>\n<script type=\"application\/ld+json\" class=\"yoast-schema-graph\">{\"@context\":\"https:\/\/schema.org\",\"@graph\":[{\"@type\":\"WebPage\",\"@id\":\"https:\/\/laboratoire-ods.com\/\",\"url\":\"https:\/\/laboratoire-ods.com\/\",\"name\":\"Savoir-faire - Laboratoire O.D.S %\",\"isPartOf\":{\"@id\":\"https:\/\/laboratoire-ods.com\/#website\"},\"primaryImageOfPage\":{\"@id\":\"https:\/\/laboratoire-ods.com\/#primaryimage\"},\"image\":{\"@id\":\"https:\/\/laboratoire-ods.com\/#primaryimage\"},\"thumbnailUrl\":\"https:\/\/laboratoire-ods.com\/wp-content\/uploads\/2025\/08\/3SO_5312-scaled.jpg\",\"datePublished\":\"2025-08-25T15:25:31+00:00\",\"dateModified\":\"2025-10-30T14:56:51+00:00\",\"description\":\"Le Laboratoire O.D.S, fort d\u2019une expertise de plus de 15 ans, accompagne les plus grandes marques europ\u00e9ennes de la nutrition sportive, de la sant\u00e9 et des produits biologiques.\",\"breadcrumb\":{\"@id\":\"https:\/\/laboratoire-ods.com\/#breadcrumb\"},\"inLanguage\":\"fr-FR\",\"potentialAction\":[{\"@type\":\"ReadAction\",\"target\":[\"https:\/\/laboratoire-ods.com\/\"]}]},{\"@type\":\"ImageObject\",\"inLanguage\":\"fr-FR\",\"@id\":\"https:\/\/laboratoire-ods.com\/#primaryimage\",\"url\":\"https:\/\/laboratoire-ods.com\/wp-content\/uploads\/2025\/08\/3SO_5312-scaled.jpg\",\"contentUrl\":\"https:\/\/laboratoire-ods.com\/wp-content\/uploads\/2025\/08\/3SO_5312-scaled.jpg\",\"width\":2560,\"height\":1707},{\"@type\":\"BreadcrumbList\",\"@id\":\"https:\/\/laboratoire-ods.com\/#breadcrumb\",\"itemListElement\":[{\"@type\":\"ListItem\",\"position\":1,\"name\":\"Accueil\",\"item\":\"https:\/\/laboratoire-ods.com\/\"},{\"@type\":\"ListItem\",\"position\":2,\"name\":\"Savoir-faire\"}]},{\"@type\":\"WebSite\",\"@id\":\"https:\/\/laboratoire-ods.com\/#website\",\"url\":\"https:\/\/laboratoire-ods.com\/\",\"name\":\"Laboratoire ODS\",\"description\":\"[Expert en produits nutritifs innovants - Fabrication en France . Bretagne]\",\"publisher\":{\"@id\":\"https:\/\/laboratoire-ods.com\/#organization\"},\"alternateName\":\"labo dos\",\"potentialAction\":[{\"@type\":\"SearchAction\",\"target\":{\"@type\":\"EntryPoint\",\"urlTemplate\":\"https:\/\/laboratoire-ods.com\/?s={search_term_string}\"},\"query-input\":{\"@type\":\"PropertyValueSpecification\",\"valueRequired\":true,\"valueName\":\"search_term_string\"}}],\"inLanguage\":\"fr-FR\"},{\"@type\":\"Organization\",\"@id\":\"https:\/\/laboratoire-ods.com\/#organization\",\"name\":\"Laboratoire ODS\",\"alternateName\":\"Laboratoire ODS Expert en produits nutritifs innovants\",\"url\":\"https:\/\/laboratoire-ods.com\/\",\"logo\":{\"@type\":\"ImageObject\",\"inLanguage\":\"fr-FR\",\"@id\":\"https:\/\/laboratoire-ods.com\/#\/schema\/logo\/image\/\",\"url\":\"https:\/\/laboratoire-ods.com\/wp-content\/uploads\/2025\/09\/image001.jpg\",\"contentUrl\":\"https:\/\/laboratoire-ods.com\/wp-content\/uploads\/2025\/09\/image001.jpg\",\"width\":600,\"height\":166,\"caption\":\"Laboratoire ODS\"},\"image\":{\"@id\":\"https:\/\/laboratoire-ods.com\/#\/schema\/logo\/image\/\"},\"sameAs\":[\"https:\/\/www.linkedin.com\/company\/laboratoire-ods\/\"]}]}<\/script>\n<!-- \/ Yoast SEO plugin. -->","yoast_head_json":{"title":"Savoir-faire - Laboratoire O.D.S %","description":"Le Laboratoire O.D.S, fort d\u2019une expertise de plus de 15 ans, accompagne les plus grandes marques europ\u00e9ennes de la nutrition sportive, de la sant\u00e9 et des produits biologiques.","robots":{"index":"index","follow":"follow","max-snippet":"max-snippet:-1","max-image-preview":"max-image-preview:large","max-video-preview":"max-video-preview:-1"},"canonical":"https:\/\/laboratoire-ods.com\/","og_locale":"fr_FR","og_type":"article","og_title":"Savoir-faire - Laboratoire O.D.S %","og_description":"Le Laboratoire O.D.S, fort d\u2019une expertise de plus de 15 ans, accompagne les plus grandes marques europ\u00e9ennes de la nutrition sportive, de la sant\u00e9 et des produits biologiques.","og_url":"https:\/\/laboratoire-ods.com\/","og_site_name":"Laboratoire O.D.S","article_modified_time":"2025-10-30T14:56:51+00:00","og_image":[{"width":2560,"height":1707,"url":"http:\/\/laboratoire-ods.com\/wp-content\/uploads\/2025\/08\/3SO_5312-scaled.jpg","type":"image\/jpeg"}],"twitter_card":"summary_large_image","twitter_misc":{"Dur\u00e9e de lecture estim\u00e9e":"3 minutes"},"schema":{"@context":"https:\/\/schema.org","@graph":[{"@type":"WebPage","@id":"https:\/\/laboratoire-ods.com\/","url":"https:\/\/laboratoire-ods.com\/","name":"Savoir-faire - Laboratoire O.D.S %","isPartOf":{"@id":"https:\/\/laboratoire-ods.com\/#website"},"primaryImageOfPage":{"@id":"https:\/\/laboratoire-ods.com\/#primaryimage"},"image":{"@id":"https:\/\/laboratoire-ods.com\/#primaryimage"},"thumbnailUrl":"https:\/\/laboratoire-ods.com\/wp-content\/uploads\/2025\/08\/3SO_5312-scaled.jpg","datePublished":"2025-08-25T15:25:31+00:00","dateModified":"2025-10-30T14:56:51+00:00","description":"Le Laboratoire O.D.S, fort d\u2019une expertise de plus de 15 ans, accompagne les plus grandes marques europ\u00e9ennes de la nutrition sportive, de la sant\u00e9 et des produits biologiques.","breadcrumb":{"@id":"https:\/\/laboratoire-ods.com\/#breadcrumb"},"inLanguage":"fr-FR","potentialAction":[{"@type":"ReadAction","target":["https:\/\/laboratoire-ods.com\/"]}]},{"@type":"ImageObject","inLanguage":"fr-FR","@id":"https:\/\/laboratoire-ods.com\/#primaryimage","url":"https:\/\/laboratoire-ods.com\/wp-content\/uploads\/2025\/08\/3SO_5312-scaled.jpg","contentUrl":"https:\/\/laboratoire-ods.com\/wp-content\/uploads\/2025\/08\/3SO_5312-scaled.jpg","width":2560,"height":1707},{"@type":"BreadcrumbList","@id":"https:\/\/laboratoire-ods.com\/#breadcrumb","itemListElement":[{"@type":"ListItem","position":1,"name":"Accueil","item":"https:\/\/laboratoire-ods.com\/"},{"@type":"ListItem","position":2,"name":"Savoir-faire"}]},{"@type":"WebSite","@id":"https:\/\/laboratoire-ods.com\/#website","url":"https:\/\/laboratoire-ods.com\/","name":"Laboratoire ODS","description":"[Expert en produits nutritifs innovants - Fabrication en France . Bretagne]","publisher":{"@id":"https:\/\/laboratoire-ods.com\/#organization"},"alternateName":"labo dos","potentialAction":[{"@type":"SearchAction","target":{"@type":"EntryPoint","urlTemplate":"https:\/\/laboratoire-ods.com\/?s={search_term_string}"},"query-input":{"@type":"PropertyValueSpecification","valueRequired":true,"valueName":"search_term_string"}}],"inLanguage":"fr-FR"},{"@type":"Organization","@id":"https:\/\/laboratoire-ods.com\/#organization","name":"Laboratoire ODS","alternateName":"Laboratoire ODS Expert en produits nutritifs innovants","url":"https:\/\/laboratoire-ods.com\/","logo":{"@type":"ImageObject","inLanguage":"fr-FR","@id":"https:\/\/laboratoire-ods.com\/#\/schema\/logo\/image\/","url":"https:\/\/laboratoire-ods.com\/wp-content\/uploads\/2025\/09\/image001.jpg","contentUrl":"https:\/\/laboratoire-ods.com\/wp-content\/uploads\/2025\/09\/image001.jpg","width":600,"height":166,"caption":"Laboratoire ODS"},"image":{"@id":"https:\/\/laboratoire-ods.com\/#\/schema\/logo\/image\/"},"sameAs":["https:\/\/www.linkedin.com\/company\/laboratoire-ods\/"]}]}},"_links":{"self":[{"href":"https:\/\/laboratoire-ods.com\/index.php\/wp-json\/wp\/v2\/pages\/31","targetHints":{"allow":["GET"]}}],"collection":[{"href":"https:\/\/laboratoire-ods.com\/index.php\/wp-json\/wp\/v2\/pages"}],"about":[{"href":"https:\/\/laboratoire-ods.com\/index.php\/wp-json\/wp\/v2\/types\/page"}],"author":[{"embeddable":true,"href":"https:\/\/laboratoire-ods.com\/index.php\/wp-json\/wp\/v2\/users\/1"}],"replies":[{"embeddable":true,"href":"https:\/\/laboratoire-ods.com\/index.php\/wp-json\/wp\/v2\/comments?post=31"}],"version-history":[{"count":35,"href":"https:\/\/laboratoire-ods.com\/index.php\/wp-json\/wp\/v2\/pages\/31\/revisions"}],"predecessor-version":[{"id":693,"href":"https:\/\/laboratoire-ods.com\/index.php\/wp-json\/wp\/v2\/pages\/31\/revisions\/693"}],"wp:featuredmedia":[{"embeddable":true,"href":"https:\/\/laboratoire-ods.com\/index.php\/wp-json\/wp\/v2\/media\/79"}],"wp:attachment":[{"href":"https:\/\/laboratoire-ods.com\/index.php\/wp-json\/wp\/v2\/media?parent=31"}],"curies":[{"name":"wp","href":"https:\/\/api.w.org\/{rel}","templated":true}]}}