{"id":27,"date":"2025-08-25T15:51:26","date_gmt":"2025-08-25T15:51:26","guid":{"rendered":"https:\/\/laboratoire-ods.com\/?page_id=27"},"modified":"2025-09-22T09:57:40","modified_gmt":"2025-09-22T09:57:40","slug":"innovation-rd","status":"publish","type":"page","link":"https:\/\/laboratoire-ods.com\/index.php\/innovation-rd\/","title":{"rendered":"Innovation &#8211; R&amp;D"},"content":{"rendered":"\n<p class=\"has-medium-font-size\">En s\u2019appuyant sur votre cahier des charges, notre \u00e9quipe R&amp;D int\u00e9gr\u00e9e sur notre site de production, vous conseille et vous accompagne lors de la conception de votre recette\/projet.<br>Chaque produit est d\u00e9velopp\u00e9 dans notre laboratoire, puis test\u00e9 avant au sein de notre unit\u00e9 de production pour validation.<\/p>\n\n\n\n<details class=\"wp-block-details has-medium-font-size is-layout-flow wp-block-details-is-layout-flow\"><summary>Lire la suite<\/summary>\n<figure class=\"wp-block-image size-large\"><img loading=\"lazy\" decoding=\"async\" width=\"1024\" height=\"614\" src=\"https:\/\/laboratoire-ods.com\/wp-content\/uploads\/2025\/08\/MATIERES-PREMIERES-1-1024x614.jpg\" alt=\"\" class=\"wp-image-412\" srcset=\"https:\/\/laboratoire-ods.com\/wp-content\/uploads\/2025\/08\/MATIERES-PREMIERES-1-1024x614.jpg 1024w, https:\/\/laboratoire-ods.com\/wp-content\/uploads\/2025\/08\/MATIERES-PREMIERES-1-300x180.jpg 300w, https:\/\/laboratoire-ods.com\/wp-content\/uploads\/2025\/08\/MATIERES-PREMIERES-1-768x461.jpg 768w, https:\/\/laboratoire-ods.com\/wp-content\/uploads\/2025\/08\/MATIERES-PREMIERES-1-1536x922.jpg 1536w, https:\/\/laboratoire-ods.com\/wp-content\/uploads\/2025\/08\/MATIERES-PREMIERES-1-2048x1229.jpg 2048w, https:\/\/laboratoire-ods.com\/wp-content\/uploads\/2025\/08\/MATIERES-PREMIERES-1-2000x1200.jpg 2000w\" sizes=\"auto, (max-width: 706px) 89vw, (max-width: 767px) 82vw, 740px\" \/><\/figure>\n\n\n\n<p class=\"has-medium-font-size\">Notre suivi constant de la r\u00e9glementation et innovation scientifique nous permet de suivre les avanc\u00e9es techniques et les recommandations nutritionnelles officielles, essentielles au d\u00e9veloppement de votre produit.<br>Selon vos besoins, nous pouvons \u00e9galement vous conseiller sur l\u2019\u00e9tiquetage (r\u00e8glement <strong>INCO<\/strong>, les all\u00e9gations, les valeurs nutritionnelles de r\u00e9f\u00e9rence) ou sur toutes autres questions techniques.<\/p>\n\n\n\n<figure class=\"wp-block-image size-large\"><img loading=\"lazy\" decoding=\"async\" width=\"1024\" height=\"683\" src=\"https:\/\/laboratoire-ods.com\/wp-content\/uploads\/2025\/08\/DETAILS-INGREDIENTS-PACKS-1-1024x683.jpg\" alt=\"\" class=\"wp-image-413\" srcset=\"https:\/\/laboratoire-ods.com\/wp-content\/uploads\/2025\/08\/DETAILS-INGREDIENTS-PACKS-1-1024x683.jpg 1024w, https:\/\/laboratoire-ods.com\/wp-content\/uploads\/2025\/08\/DETAILS-INGREDIENTS-PACKS-1-300x200.jpg 300w, https:\/\/laboratoire-ods.com\/wp-content\/uploads\/2025\/08\/DETAILS-INGREDIENTS-PACKS-1-768x512.jpg 768w, https:\/\/laboratoire-ods.com\/wp-content\/uploads\/2025\/08\/DETAILS-INGREDIENTS-PACKS-1-1536x1024.jpg 1536w, https:\/\/laboratoire-ods.com\/wp-content\/uploads\/2025\/08\/DETAILS-INGREDIENTS-PACKS-1-2048x1365.jpg 2048w\" sizes=\"auto, (max-width: 706px) 89vw, (max-width: 767px) 82vw, 740px\" \/><\/figure>\n<\/details>\n","protected":false},"excerpt":{"rendered":"<p>En s\u2019appuyant sur votre cahier des charges, notre \u00e9quipe R&amp;D int\u00e9gr\u00e9e sur notre site de production, vous conseille et vous accompagne lors de la conception de votre recette\/projet.Chaque produit est d\u00e9velopp\u00e9 dans notre laboratoire, puis test\u00e9 avant au sein de notre unit\u00e9 de production pour validation.<\/p>\n","protected":false},"author":1,"featured_media":392,"parent":0,"menu_order":0,"comment_status":"closed","ping_status":"closed","template":"","meta":{"_themeisle_gutenberg_block_has_review":false,"footnotes":""},"class_list":["post-27","page","type-page","status-publish","has-post-thumbnail","hentry"],"yoast_head":"<!-- This site is optimized with the Yoast SEO plugin v26.6 - https:\/\/yoast.com\/wordpress\/plugins\/seo\/ -->\n<title>Innovation - R&amp;D - Laboratoire O.D.S %<\/title>\n<meta name=\"description\" content=\"Le Laboratoire O.D.S, fort d\u2019une expertise de plus de 15 ans, accompagne les plus grandes marques europ\u00e9ennes de la nutrition sportive, de la sant\u00e9 et des produits biologiques.\" \/>\n<meta name=\"robots\" content=\"index, follow, max-snippet:-1, max-image-preview:large, max-video-preview:-1\" \/>\n<link rel=\"canonical\" href=\"https:\/\/laboratoire-ods.com\/index.php\/innovation-rd\/\" \/>\n<meta property=\"og:locale\" content=\"fr_FR\" \/>\n<meta property=\"og:type\" content=\"article\" \/>\n<meta property=\"og:title\" content=\"Innovation - R&amp;D - Laboratoire O.D.S %\" \/>\n<meta property=\"og:description\" content=\"Le Laboratoire O.D.S, fort d\u2019une expertise de plus de 15 ans, accompagne les plus grandes marques europ\u00e9ennes de la nutrition sportive, de la sant\u00e9 et des produits biologiques.\" \/>\n<meta property=\"og:url\" content=\"https:\/\/laboratoire-ods.com\/index.php\/innovation-rd\/\" \/>\n<meta property=\"og:site_name\" content=\"Laboratoire O.D.S\" \/>\n<meta property=\"article:modified_time\" content=\"2025-09-22T09:57:40+00:00\" \/>\n<meta property=\"og:image\" content=\"https:\/\/laboratoire-ods.com\/wp-content\/uploads\/2025\/08\/LABO-1-scaled.jpg\" \/>\n\t<meta property=\"og:image:width\" content=\"2560\" \/>\n\t<meta property=\"og:image:height\" content=\"1920\" \/>\n\t<meta property=\"og:image:type\" content=\"image\/jpeg\" \/>\n<meta name=\"twitter:card\" content=\"summary_large_image\" \/>\n<meta name=\"twitter:label1\" content=\"Dur\u00e9e de lecture estim\u00e9e\" \/>\n\t<meta name=\"twitter:data1\" content=\"2 minutes\" \/>\n<script type=\"application\/ld+json\" class=\"yoast-schema-graph\">{\"@context\":\"https:\/\/schema.org\",\"@graph\":[{\"@type\":\"WebPage\",\"@id\":\"https:\/\/laboratoire-ods.com\/index.php\/innovation-rd\/\",\"url\":\"https:\/\/laboratoire-ods.com\/index.php\/innovation-rd\/\",\"name\":\"Innovation - R&amp;D - Laboratoire O.D.S %\",\"isPartOf\":{\"@id\":\"https:\/\/laboratoire-ods.com\/#website\"},\"primaryImageOfPage\":{\"@id\":\"https:\/\/laboratoire-ods.com\/index.php\/innovation-rd\/#primaryimage\"},\"image\":{\"@id\":\"https:\/\/laboratoire-ods.com\/index.php\/innovation-rd\/#primaryimage\"},\"thumbnailUrl\":\"https:\/\/laboratoire-ods.com\/wp-content\/uploads\/2025\/08\/LABO-1-scaled.jpg\",\"datePublished\":\"2025-08-25T15:51:26+00:00\",\"dateModified\":\"2025-09-22T09:57:40+00:00\",\"description\":\"Le Laboratoire O.D.S, fort d\u2019une expertise de plus de 15 ans, accompagne les plus grandes marques europ\u00e9ennes de la nutrition sportive, de la sant\u00e9 et des produits biologiques.\",\"breadcrumb\":{\"@id\":\"https:\/\/laboratoire-ods.com\/index.php\/innovation-rd\/#breadcrumb\"},\"inLanguage\":\"fr-FR\",\"potentialAction\":[{\"@type\":\"ReadAction\",\"target\":[\"https:\/\/laboratoire-ods.com\/index.php\/innovation-rd\/\"]}]},{\"@type\":\"ImageObject\",\"inLanguage\":\"fr-FR\",\"@id\":\"https:\/\/laboratoire-ods.com\/index.php\/innovation-rd\/#primaryimage\",\"url\":\"https:\/\/laboratoire-ods.com\/wp-content\/uploads\/2025\/08\/LABO-1-scaled.jpg\",\"contentUrl\":\"https:\/\/laboratoire-ods.com\/wp-content\/uploads\/2025\/08\/LABO-1-scaled.jpg\",\"width\":2560,\"height\":1920},{\"@type\":\"BreadcrumbList\",\"@id\":\"https:\/\/laboratoire-ods.com\/index.php\/innovation-rd\/#breadcrumb\",\"itemListElement\":[{\"@type\":\"ListItem\",\"position\":1,\"name\":\"Accueil\",\"item\":\"https:\/\/laboratoire-ods.com\/\"},{\"@type\":\"ListItem\",\"position\":2,\"name\":\"Innovation &#8211; R&amp;D\"}]},{\"@type\":\"WebSite\",\"@id\":\"https:\/\/laboratoire-ods.com\/#website\",\"url\":\"https:\/\/laboratoire-ods.com\/\",\"name\":\"Laboratoire ODS\",\"description\":\"[Expert en produits nutritifs innovants - Fabrication en France . Bretagne]\",\"publisher\":{\"@id\":\"https:\/\/laboratoire-ods.com\/#organization\"},\"alternateName\":\"labo dos\",\"potentialAction\":[{\"@type\":\"SearchAction\",\"target\":{\"@type\":\"EntryPoint\",\"urlTemplate\":\"https:\/\/laboratoire-ods.com\/?s={search_term_string}\"},\"query-input\":{\"@type\":\"PropertyValueSpecification\",\"valueRequired\":true,\"valueName\":\"search_term_string\"}}],\"inLanguage\":\"fr-FR\"},{\"@type\":\"Organization\",\"@id\":\"https:\/\/laboratoire-ods.com\/#organization\",\"name\":\"Laboratoire ODS\",\"alternateName\":\"Laboratoire ODS Expert en produits nutritifs innovants\",\"url\":\"https:\/\/laboratoire-ods.com\/\",\"logo\":{\"@type\":\"ImageObject\",\"inLanguage\":\"fr-FR\",\"@id\":\"https:\/\/laboratoire-ods.com\/#\/schema\/logo\/image\/\",\"url\":\"https:\/\/laboratoire-ods.com\/wp-content\/uploads\/2025\/09\/image001.jpg\",\"contentUrl\":\"https:\/\/laboratoire-ods.com\/wp-content\/uploads\/2025\/09\/image001.jpg\",\"width\":600,\"height\":166,\"caption\":\"Laboratoire ODS\"},\"image\":{\"@id\":\"https:\/\/laboratoire-ods.com\/#\/schema\/logo\/image\/\"},\"sameAs\":[\"https:\/\/www.linkedin.com\/company\/laboratoire-ods\/\"]}]}<\/script>\n<!-- \/ Yoast SEO plugin. -->","yoast_head_json":{"title":"Innovation - R&amp;D - Laboratoire O.D.S %","description":"Le Laboratoire O.D.S, fort d\u2019une expertise de plus de 15 ans, accompagne les plus grandes marques europ\u00e9ennes de la nutrition sportive, de la sant\u00e9 et des produits biologiques.","robots":{"index":"index","follow":"follow","max-snippet":"max-snippet:-1","max-image-preview":"max-image-preview:large","max-video-preview":"max-video-preview:-1"},"canonical":"https:\/\/laboratoire-ods.com\/index.php\/innovation-rd\/","og_locale":"fr_FR","og_type":"article","og_title":"Innovation - R&amp;D - Laboratoire O.D.S %","og_description":"Le Laboratoire O.D.S, fort d\u2019une expertise de plus de 15 ans, accompagne les plus grandes marques europ\u00e9ennes de la nutrition sportive, de la sant\u00e9 et des produits biologiques.","og_url":"https:\/\/laboratoire-ods.com\/index.php\/innovation-rd\/","og_site_name":"Laboratoire O.D.S","article_modified_time":"2025-09-22T09:57:40+00:00","og_image":[{"width":2560,"height":1920,"url":"https:\/\/laboratoire-ods.com\/wp-content\/uploads\/2025\/08\/LABO-1-scaled.jpg","type":"image\/jpeg"}],"twitter_card":"summary_large_image","twitter_misc":{"Dur\u00e9e de lecture estim\u00e9e":"2 minutes"},"schema":{"@context":"https:\/\/schema.org","@graph":[{"@type":"WebPage","@id":"https:\/\/laboratoire-ods.com\/index.php\/innovation-rd\/","url":"https:\/\/laboratoire-ods.com\/index.php\/innovation-rd\/","name":"Innovation - R&amp;D - Laboratoire O.D.S %","isPartOf":{"@id":"https:\/\/laboratoire-ods.com\/#website"},"primaryImageOfPage":{"@id":"https:\/\/laboratoire-ods.com\/index.php\/innovation-rd\/#primaryimage"},"image":{"@id":"https:\/\/laboratoire-ods.com\/index.php\/innovation-rd\/#primaryimage"},"thumbnailUrl":"https:\/\/laboratoire-ods.com\/wp-content\/uploads\/2025\/08\/LABO-1-scaled.jpg","datePublished":"2025-08-25T15:51:26+00:00","dateModified":"2025-09-22T09:57:40+00:00","description":"Le Laboratoire O.D.S, fort d\u2019une expertise de plus de 15 ans, accompagne les plus grandes marques europ\u00e9ennes de la nutrition sportive, de la sant\u00e9 et des produits biologiques.","breadcrumb":{"@id":"https:\/\/laboratoire-ods.com\/index.php\/innovation-rd\/#breadcrumb"},"inLanguage":"fr-FR","potentialAction":[{"@type":"ReadAction","target":["https:\/\/laboratoire-ods.com\/index.php\/innovation-rd\/"]}]},{"@type":"ImageObject","inLanguage":"fr-FR","@id":"https:\/\/laboratoire-ods.com\/index.php\/innovation-rd\/#primaryimage","url":"https:\/\/laboratoire-ods.com\/wp-content\/uploads\/2025\/08\/LABO-1-scaled.jpg","contentUrl":"https:\/\/laboratoire-ods.com\/wp-content\/uploads\/2025\/08\/LABO-1-scaled.jpg","width":2560,"height":1920},{"@type":"BreadcrumbList","@id":"https:\/\/laboratoire-ods.com\/index.php\/innovation-rd\/#breadcrumb","itemListElement":[{"@type":"ListItem","position":1,"name":"Accueil","item":"https:\/\/laboratoire-ods.com\/"},{"@type":"ListItem","position":2,"name":"Innovation &#8211; R&amp;D"}]},{"@type":"WebSite","@id":"https:\/\/laboratoire-ods.com\/#website","url":"https:\/\/laboratoire-ods.com\/","name":"Laboratoire ODS","description":"[Expert en produits nutritifs innovants - Fabrication en France . Bretagne]","publisher":{"@id":"https:\/\/laboratoire-ods.com\/#organization"},"alternateName":"labo dos","potentialAction":[{"@type":"SearchAction","target":{"@type":"EntryPoint","urlTemplate":"https:\/\/laboratoire-ods.com\/?s={search_term_string}"},"query-input":{"@type":"PropertyValueSpecification","valueRequired":true,"valueName":"search_term_string"}}],"inLanguage":"fr-FR"},{"@type":"Organization","@id":"https:\/\/laboratoire-ods.com\/#organization","name":"Laboratoire ODS","alternateName":"Laboratoire ODS Expert en produits nutritifs innovants","url":"https:\/\/laboratoire-ods.com\/","logo":{"@type":"ImageObject","inLanguage":"fr-FR","@id":"https:\/\/laboratoire-ods.com\/#\/schema\/logo\/image\/","url":"https:\/\/laboratoire-ods.com\/wp-content\/uploads\/2025\/09\/image001.jpg","contentUrl":"https:\/\/laboratoire-ods.com\/wp-content\/uploads\/2025\/09\/image001.jpg","width":600,"height":166,"caption":"Laboratoire ODS"},"image":{"@id":"https:\/\/laboratoire-ods.com\/#\/schema\/logo\/image\/"},"sameAs":["https:\/\/www.linkedin.com\/company\/laboratoire-ods\/"]}]}},"_links":{"self":[{"href":"https:\/\/laboratoire-ods.com\/index.php\/wp-json\/wp\/v2\/pages\/27","targetHints":{"allow":["GET"]}}],"collection":[{"href":"https:\/\/laboratoire-ods.com\/index.php\/wp-json\/wp\/v2\/pages"}],"about":[{"href":"https:\/\/laboratoire-ods.com\/index.php\/wp-json\/wp\/v2\/types\/page"}],"author":[{"embeddable":true,"href":"https:\/\/laboratoire-ods.com\/index.php\/wp-json\/wp\/v2\/users\/1"}],"replies":[{"embeddable":true,"href":"https:\/\/laboratoire-ods.com\/index.php\/wp-json\/wp\/v2\/comments?post=27"}],"version-history":[{"count":21,"href":"https:\/\/laboratoire-ods.com\/index.php\/wp-json\/wp\/v2\/pages\/27\/revisions"}],"predecessor-version":[{"id":624,"href":"https:\/\/laboratoire-ods.com\/index.php\/wp-json\/wp\/v2\/pages\/27\/revisions\/624"}],"wp:featuredmedia":[{"embeddable":true,"href":"https:\/\/laboratoire-ods.com\/index.php\/wp-json\/wp\/v2\/media\/392"}],"wp:attachment":[{"href":"https:\/\/laboratoire-ods.com\/index.php\/wp-json\/wp\/v2\/media?parent=27"}],"curies":[{"name":"wp","href":"https:\/\/api.w.org\/{rel}","templated":true}]}}